{"id":10040,"date":"2023-09-05T08:05:42","date_gmt":"2023-09-05T06:05:42","guid":{"rendered":"http:\/\/gaq.be\/projets-termines\/"},"modified":"2023-09-18T15:27:13","modified_gmt":"2023-09-18T13:27:13","slug":"dossiers-clotures","status":"publish","type":"page","link":"https:\/\/gaq.be\/en\/dossiers-clotures\/","title":{"rendered":"Closed files"},"content":{"rendered":"\n<div class=\"wp-block-group alignfull is-layout-flow wp-block-group-is-layout-flow\" style=\"padding-top:0;padding-bottom:0\"><div class=\"alignfull is-style-prj-green-blue wp-block-gaq-projects\" >\n    <ul class=\"projects__container\">\n            <li class=\"project-item\">\n            <div class=\"project-item__content\">\n                <div class=\"project-item__content-body\">\n                    <h3 class=\"project-item__title\">Schuman redevelopment \u2013 failure to comply with the planning permission<\/h3> \n                    <p class=\"project-item__categories\">\n                        <span class=\"project-category \">Urban planning<\/span>                    <\/p>\n                    <p class=\"project-item__excerpt\">Information taken from the Beliris public website: https:\/\/www.beliris.be\/projets\/schuman-rond-point.html PLANNING PERMIT 04\/PFD\/1856721v The decision has been taken on the following grounds: \u2026 Whereas the multimodal road specialisation (SMV) set out in [&hellip;]<\/p>\n                <\/div>\n                <div class=\"project-item__content-footer\">\n                    <a href=\"https:\/\/gaq.be\/en\/projet\/reamenagement-schuman-non-respect-du-permis-durbanisme\/\" class=\"card-btn__green-alt\">More<\/a>\n                                                <a href=\"\/contact?gaq_prj_slug=reamenagement-schuman-non-respect-du-permis-durbanisme#join-work-group\" class=\"card-btn__link-alt\">Join<\/a>\n                                            <\/div>\n            <\/div>\n        <\/li>\n            <li class=\"project-item\">\n            <div class=\"project-item__content\">\n                <div class=\"project-item__content-body\">\n                    <h3 class=\"project-item__title\">\u00e9changes avec les riverains<\/h3> \n                    <p class=\"project-item__categories\">\n                        <span class=\"project-category project-category__icon sector__living-env-green\">Cadre de vie<\/span>                    <\/p>\n                    <p class=\"project-item__excerpt\">\u2022\tRamassage des poubelles\n\u2022\tBulle \u00e0 verre &#8211; Place des Gueux\n\u2022\t\u00c9tablissements horeca situ\u00e9s dans les environs de la rue de Gravelines et de la rue John Wilson Waterloo Courrier envoy\u00e9 \u00e0 la police\n<\/p>\n                <\/div>\n                <div class=\"project-item__content-footer\">\n                    <a href=\"https:\/\/gaq.be\/en\/projet\/echanges-avec-les-riverains\/\" class=\"card-btn__green-alt\">More<\/a>\n                                                <a href=\"\/contact?gaq_prj_slug=echanges-avec-les-riverains#join-work-group\" class=\"card-btn__link-alt\">Join<\/a>\n                                            <\/div>\n            <\/div>\n        <\/li>\n        <\/ul>\n    <\/div>\n<\/div>\n","protected":false},"excerpt":{"rendered":"","protected":false},"author":2031,"featured_media":0,"parent":0,"menu_order":0,"comment_status":"closed","ping_status":"closed","template":"","meta":{"_EventAllDay":false,"_EventTimezone":"","_EventStartDate":"","_EventEndDate":"","_EventStartDateUTC":"","_EventEndDateUTC":"","_EventShowMap":false,"_EventShowMapLink":false,"_EventURL":"","_EventCost":"","_EventCostDescription":"","_EventCurrencySymbol":"","_EventCurrencyCode":"","_EventCurrencyPosition":"","_EventDateTimeSeparator":"","_EventTimeRangeSeparator":"","_EventOrganizerID":[],"_EventVenueID":[],"_OrganizerEmail":"","_OrganizerPhone":"","_OrganizerWebsite":"","_VenueAddress":"","_VenueCity":"","_VenueCountry":"","_VenueProvince":"","_VenueState":"","_VenueZip":"","_VenuePhone":"","_VenueURL":"","_VenueStateProvince":"","_VenueLat":"","_VenueLng":"","_VenueShowMap":false,"_VenueShowMapLink":false,"footnotes":""},"categories":[],"tags":[],"class_list":["post-10040","page","type-page","status-publish","hentry"],"_links":{"self":[{"href":"https:\/\/gaq.be\/en\/wp-json\/wp\/v2\/pages\/10040","targetHints":{"allow":["GET"]}}],"collection":[{"href":"https:\/\/gaq.be\/en\/wp-json\/wp\/v2\/pages"}],"about":[{"href":"https:\/\/gaq.be\/en\/wp-json\/wp\/v2\/types\/page"}],"author":[{"embeddable":true,"href":"https:\/\/gaq.be\/en\/wp-json\/wp\/v2\/users\/2031"}],"replies":[{"embeddable":true,"href":"https:\/\/gaq.be\/en\/wp-json\/wp\/v2\/comments?post=10040"}],"version-history":[{"count":3,"href":"https:\/\/gaq.be\/en\/wp-json\/wp\/v2\/pages\/10040\/revisions"}],"predecessor-version":[{"id":10153,"href":"https:\/\/gaq.be\/en\/wp-json\/wp\/v2\/pages\/10040\/revisions\/10153"}],"wp:attachment":[{"href":"https:\/\/gaq.be\/en\/wp-json\/wp\/v2\/media?parent=10040"}],"wp:term":[{"taxonomy":"category","embeddable":true,"href":"https:\/\/gaq.be\/en\/wp-json\/wp\/v2\/categories?post=10040"},{"taxonomy":"post_tag","embeddable":true,"href":"https:\/\/gaq.be\/en\/wp-json\/wp\/v2\/tags?post=10040"}],"curies":[{"name":"wp","href":"https:\/\/api.w.org\/{rel}","templated":true}]}}