{"id":12458,"date":"2024-06-21T17:25:56","date_gmt":"2024-06-21T15:25:56","guid":{"rendered":"https:\/\/gaq.be\/?page_id=12458"},"modified":"2024-07-23T14:54:04","modified_gmt":"2024-07-23T12:54:04","slug":"iq2024-colophon","status":"publish","type":"page","link":"https:\/\/gaq.be\/en\/iq2024-colophon\/","title":{"rendered":"IQ2024 &#8211; Colophon"},"content":{"rendered":"\n<p>Infor-Quartier, bulletin annuel du GAQ.<\/p>\n\n\n\n<p>Distribu\u00e9 gratuitement dans toutes les boites aux lettres du Quartier europ\u00e9en de la Ville de Bruxelles.<\/p>\n\n\n\n<figure class=\"wp-block-table\"><table class=\"has-fixed-layout\"><tbody><tr><td><strong>Infor-Quartier 36, 08\/2024<\/strong><\/td><td><strong>&nbsp;<\/strong><\/td><\/tr><tr><td><strong>Imprim\u00e9 en Belgique\u00a0<\/strong><\/td><td>Chez Artoosgroup\u00a0<\/td><\/tr><tr><td><strong>GAQ asbl,\u00a0<\/strong><strong>Si\u00e8ge<\/strong><\/td><td>Rue Charles Quint 130B-1000 Bruxelles,\u00a0<a href=\"http:\/\/www.gaq.be\/\">www.gaq.be<\/a><br>Twitter @GAQ_Bruxelles<br>Facebook GAQBruxelles<\/td><\/tr><tr><td><strong>\u00c9diteur responsable<\/strong><\/td><td>Christian Dekeyser<\/td><\/tr><tr><td><strong>R\u00e9dactrice\u00a0<\/strong><\/td><td>Barbara Bentein&nbsp;<\/td><\/tr><tr><td><strong>Comit\u00e9 de r\u00e9daction<\/strong><\/td><td>Wouter Acke, Barbara BenteinHannes Frank, Chantal Matthys, Katia Vandenborre<\/td><\/tr><tr><td><strong>Traduction et relecture<\/strong><\/td><td>Danielle Beeldens, Christian Debock, Hannes Frank, Nicola Frank\u00a0\u00a0Robert Nijhof, Jonathon Sawdon, Chantal Matthys<\/td><\/tr><tr><td><strong>Graphisme couvertures\u00a0\u00a0\u00a0\u00a0\u00a0\u00a0\u00a0\u00a0\u00a0\u00a0\u00a0<\/strong><\/td><td>Pabsum<\/td><\/tr><tr><td><strong>Mise au net\u00a0\u00a0\u00a0\u00a0\u00a0\u00a0\u00a0\u00a0\u00a0\u00a0\u00a0\u00a0<\/strong><\/td><td>Muriel Logist<\/td><\/tr><tr><td><strong>Photos et images<\/strong><\/td><td>GAQ sauf mention contraire<\/td><\/tr><\/tbody><\/table><\/figure>\n\n\n\n<p><strong>L\u2019Organe d\u2019administration du GAQ est compos\u00e9 de 6 membres&nbsp;:<\/strong><\/p>\n\n\n\n<p><strong>Fran\u00e7ois Louis (Tr\u00e9sorier), Christian Dekeyser (Pr\u00e9sident), Nina Bachkatov, Chantal Matthys (Secr\u00e9taire), Michael Vangompen, Alain Dewez<\/strong><\/p>\n\n\n\n<figure class=\"wp-block-image size-large is-resized\"><img decoding=\"async\" src=\"https:\/\/gaq.be\/wp-content\/uploads\/2024\/07\/image-8-1024x350.png\" alt=\"\" class=\"wp-image-12802\" style=\"width:481px;height:auto\"\/><\/figure>\n\n\n\n<h2 class=\"wp-block-heading\" id=\"NL\">Colofon<\/h2>\n\n\n\n<p>Infor-Quartier, jaarlijks bulletin van de GAQ.&nbsp;<\/p>\n\n\n\n<p>Gratis in alle brievenbussen van de Europese wijk van de Stad Brussel bezorgd.<\/p>\n\n\n\n<figure class=\"wp-block-table\"><table class=\"has-fixed-layout\"><tbody><tr><td><strong>Infor-Quartier 36, 08\/2024<\/strong><\/td><td><strong>&nbsp;<\/strong><\/td><\/tr><tr><td><strong>\u00a0<\/strong><strong>Gedrukt in Belgi\u00eb<\/strong><\/td><td>Door Artoosgroup\u00a0<\/td><\/tr><tr><td><strong>GAQ asbl,<\/strong><strong>\u00a0Zetel\u00a0<\/strong><\/td><td>Keizer Karelstraat 130, 1000 Bruxelles,\u00a0<a href=\"http:\/\/www.gaq.be\/\">www.gaq.be<\/a><br>Twitter @GAQ_Bruxelles<br>Facebook GAQBruxelles<\/td><\/tr><tr><td><strong>Verantwoordelijke uitgever<\/strong><\/td><td>Christian Dekeyser<\/td><\/tr><tr><td><strong>Redactrice<\/strong><\/td><td>Barbara Bentein&nbsp;<\/td><\/tr><tr><td><strong>Redactie comit\u00e9<\/strong><\/td><td>Wouter Acke, Barbara BenteinHannes Frank, Chantal Matthys, Katia Vandenborre<\/td><\/tr><tr><td><strong>Vertaling en nalezing<\/strong><\/td><td>Danielle Beeldens, Christian Debock, Hannes Frank, Nicola Frank\u00a0\u00a0Robert Nijhof, Jonathon Sawdon, Chantal Matthys<\/td><\/tr><tr><td><strong>Grafisme omslag<\/strong><\/td><td>Pabsum<\/td><\/tr><tr><td><strong>Vormgeving<\/strong><\/td><td>Muriel Logist<\/td><\/tr><tr><td><strong>Fotos en afbeeldingen<\/strong><strong>\u00a0\u00a0\u00a0\u00a0\u00a0\u00a0\u00a0\u00a0\u00a0\u00a0\u00a0\u00a0\u00a0\u00a0\u00a0\u00a0\u00a0<\/strong><\/td><td>GAQ tenzij anders aangegeven<\/td><\/tr><\/tbody><\/table><\/figure>\n\n\n\n<p>Het Bestuursorgaan telt <strong>6 leden\u00a0:<\/strong><\/p>\n\n\n\n<p><strong>Fran\u00e7ois Louis (Penningmeester), Christian Dekeyser (Voorzitter), Nina Bachkatov, Chantal Matthys (Secretaris), Michael Vangompen, Alain Dewez<\/strong><\/p>\n\n\n\n<figure class=\"wp-block-image size-large is-resized\"><img decoding=\"async\" src=\"https:\/\/gaq.be\/wp-content\/uploads\/2024\/07\/image-7-1024x350.png\" alt=\"\" class=\"wp-image-12799\" style=\"width:469px;height:auto\"\/><\/figure>\n\n\n\n<h2 class=\"wp-block-heading\" id=\"EN\">Colophon<\/h2>\n\n\n\n<p><strong>Colophon<\/strong><\/p>\n\n\n\n<p>Infor-Quartier, annual newsletter of the GAQ.<\/p>\n\n\n\n<p>Distributed for free in all mailboxes of the European Quarter of Brussels.<\/p>\n\n\n\n<figure class=\"wp-block-table\"><table class=\"has-fixed-layout\"><tbody><tr><td><strong>Infor-Quartier 36, 08\/2024<\/strong><\/td><td><strong>&nbsp;<\/strong><\/td><\/tr><tr><td><strong>Printed in Belgium<\/strong><\/td><td>By Artoosgroup\u00a0<\/td><\/tr><tr><td><strong>GAQ asbl,\u00a0<\/strong><strong>Headquarters<\/strong><\/td><td>Rue Charles Quint 130, B-1000 Bruxelles,\u00a0<a href=\"http:\/\/www.gaq.be\/\">www.gaq.be<\/a><br>Twitter @GAQ_Bruxelles<br>Facebook GAQBruxelles<\/td><\/tr><tr><td><strong>Publisher<\/strong><\/td><td>Christian Dekeyser<\/td><\/tr><tr><td><strong>Editor<\/strong><\/td><td>Barbara Bentein&nbsp;<\/td><\/tr><tr><td><strong>Editorial board<\/strong><\/td><td>Wouter Acke, Barbara BenteinHannes Frank, Chantal Matthys, Katia Vandenborre<\/td><\/tr><tr><td><strong>Translation and proofreading\u00a0\u00a0\u00a0<\/strong><\/td><td>Danielle Beeldens, Christian Debock, Hannes Frank, Nicola Frank\u00a0\u00a0Robert Nijhof, Jonathon Sawdon, Chantal Matthys<\/td><\/tr><tr><td><strong>Graphics cover<\/strong><\/td><td>Pabsum<\/td><\/tr><tr><td><strong>Layout<\/strong><\/td><td>Muriel Logist<\/td><\/tr><tr><td><strong>Photos and images\u00a0\u00a0\u00a0\u00a0\u00a0\u00a0\u00a0\u00a0\u00a0\u00a0\u00a0\u00a0\u00a0\u00a0\u00a0\u00a0\u00a0\u00a0<\/strong><\/td><td>GAQ unless otherwise specified<\/td><\/tr><\/tbody><\/table><\/figure>\n\n\n\n<p><strong>The Board of the GAQ counts 6 membres\u00a0:<\/strong><\/p>\n\n\n\n<p><strong>Fran\u00e7ois Louis (Treasurer), Christian Dekeyser (Chair), Nina Bachkatov, Chantal Matthys (Secretary), Michael Vangompen, Alain Dewez<\/strong><\/p>\n\n\n\n<figure class=\"wp-block-image size-large is-resized\"><img loading=\"lazy\" decoding=\"async\" width=\"1024\" height=\"350\" src=\"https:\/\/gaq.be\/wp-content\/uploads\/2024\/07\/image-9-1024x350.png\" alt=\"\" class=\"wp-image-12805\" style=\"width:495px;height:auto\" srcset=\"https:\/\/gaq.be\/wp-content\/uploads\/2024\/07\/image-9-1024x350.png 1024w, https:\/\/gaq.be\/wp-content\/uploads\/2024\/07\/image-9-300x102.png 300w, https:\/\/gaq.be\/wp-content\/uploads\/2024\/07\/image-9-768x262.png 768w, https:\/\/gaq.be\/wp-content\/uploads\/2024\/07\/image-9-1536x525.png 1536w, https:\/\/gaq.be\/wp-content\/uploads\/2024\/07\/image-9-2048x700.png 2048w, https:\/\/gaq.be\/wp-content\/uploads\/2024\/07\/image-9-600x205.png 600w\" sizes=\"auto, (max-width: 1024px) 100vw, 1024px\" \/><\/figure>\n\n\n\n<p class=\"has-text-align-center\"><a href=\"https:\/\/gaq.be\/iq2024\/\"><mark style=\"background-color:#57EAC2\" class=\"has-inline-color has-contrast-color\">Retour \u00e0 l&#8217;aper\u00e7u &#8211; Return to overview &#8211; Terug naar overzicht<\/mark><\/a><\/p>\n","protected":false},"excerpt":{"rendered":"<p>Infor-Quartier, bulletin annuel du GAQ. Distribu\u00e9 gratuitement dans toutes les boites aux lettres du Quartier europ\u00e9en de la Ville de Bruxelles. Infor-Quartier 36, 08\/2024 &nbsp; Imprim\u00e9 en Belgique\u00a0 Chez Artoosgroup\u00a0 [&hellip;]<\/p>\n","protected":false},"author":2025,"featured_media":0,"parent":0,"menu_order":0,"comment_status":"closed","ping_status":"closed","template":"","meta":{"_EventAllDay":false,"_EventTimezone":"","_EventStartDate":"","_EventEndDate":"","_EventStartDateUTC":"","_EventEndDateUTC":"","_EventShowMap":false,"_EventShowMapLink":false,"_EventURL":"","_EventCost":"","_EventCostDescription":"","_EventCurrencySymbol":"","_EventCurrencyCode":"","_EventCurrencyPosition":"","_EventDateTimeSeparator":"","_EventTimeRangeSeparator":"","_EventOrganizerID":[],"_EventVenueID":[],"_OrganizerEmail":"","_OrganizerPhone":"","_OrganizerWebsite":"","_VenueAddress":"","_VenueCity":"","_VenueCountry":"","_VenueProvince":"","_VenueState":"","_VenueZip":"","_VenuePhone":"","_VenueURL":"","_VenueStateProvince":"","_VenueLat":"","_VenueLng":"","_VenueShowMap":false,"_VenueShowMapLink":false,"footnotes":""},"categories":[230],"tags":[],"class_list":["post-12458","page","type-page","status-publish","hentry","category-infor-quartier"],"_links":{"self":[{"href":"https:\/\/gaq.be\/en\/wp-json\/wp\/v2\/pages\/12458","targetHints":{"allow":["GET"]}}],"collection":[{"href":"https:\/\/gaq.be\/en\/wp-json\/wp\/v2\/pages"}],"about":[{"href":"https:\/\/gaq.be\/en\/wp-json\/wp\/v2\/types\/page"}],"author":[{"embeddable":true,"href":"https:\/\/gaq.be\/en\/wp-json\/wp\/v2\/users\/2025"}],"replies":[{"embeddable":true,"href":"https:\/\/gaq.be\/en\/wp-json\/wp\/v2\/comments?post=12458"}],"version-history":[{"count":6,"href":"https:\/\/gaq.be\/en\/wp-json\/wp\/v2\/pages\/12458\/revisions"}],"predecessor-version":[{"id":12808,"href":"https:\/\/gaq.be\/en\/wp-json\/wp\/v2\/pages\/12458\/revisions\/12808"}],"wp:attachment":[{"href":"https:\/\/gaq.be\/en\/wp-json\/wp\/v2\/media?parent=12458"}],"wp:term":[{"taxonomy":"category","embeddable":true,"href":"https:\/\/gaq.be\/en\/wp-json\/wp\/v2\/categories?post=12458"},{"taxonomy":"post_tag","embeddable":true,"href":"https:\/\/gaq.be\/en\/wp-json\/wp\/v2\/tags?post=12458"}],"curies":[{"name":"wp","href":"https:\/\/api.w.org\/{rel}","templated":true}]}}