{"id":12460,"date":"2024-06-21T17:29:47","date_gmt":"2024-06-21T15:29:47","guid":{"rendered":"https:\/\/gaq.be\/?page_id=12460"},"modified":"2024-07-18T09:49:50","modified_gmt":"2024-07-18T07:49:50","slug":"iq2024-edito","status":"publish","type":"page","link":"https:\/\/gaq.be\/nl\/iq2024-edito\/","title":{"rendered":"IQ2024 &#8211; \u00c9dito"},"content":{"rendered":"\n<p><strong>Bonjour,<\/strong><\/p>\n\n\n\n<p>La mobilit\u00e9 est un enjeu important pour les citoyens mais aussi pour les gouvernements et le Coll\u00e8ge communal.&nbsp;&nbsp;Le GAQ a donc choisi d&#8217;en faire le th\u00e8me de son bulletin annuel. Il y sera notamment question des r\u00e9sultats de notre enqu\u00eate sur le sujet et de diverses statistiques.<br><\/p>\n\n\n\n<p>L&#8217;avenir du Rond-point Schuman et de ses alentours restera au centre de nos pr\u00e9occupations. Nous serons aussi attentifs aux pr\u00e9paratifs des festivit\u00e9s relatives au 200\u00e8me anniversaire de la Belgique (au Cinquantenaire) et tenterons de faire entendre la voix des citoyens (pour la pr\u00e9servation du patrimoine par exemple). Il en va de m\u00eame pour les suites du projet Cityforward : la vente \u00e0 l&#8217;Etat belge de 23 immeubles appartenant \u00e0 la Commission europ\u00e9enne en vue de leur r\u00e9novation.&#8221;<\/p>\n\n\n\n<p>Cette ann\u00e9e 2024 est&nbsp;une ann\u00e9e \u00e9lectorale importante. De nombreuses promesses nous sont faites. Nous continuerons \u00e0 plaider&nbsp;aupr\u00e8s des autorit\u00e9s pour la mise en \u0153uvre effective des promesses qui visent \u00e0 am\u00e9liorer la qualit\u00e9 de vie du quartier.<\/p>\n\n\n\n<p>Christian Dekeyser<\/p>\n\n\n\n<p><\/p>\n\n\n\n<h2 class=\"wp-block-heading\" id=\"NL\">Edito<\/h2>\n\n\n\n<p>Hello,<\/p>\n\n\n\n<p>Mobiliteit is een belangrijk onderwerp voor burgers, maar ook voor overheden.\u00a0\u00a0Daarom heeft GAQ het thema centraal gesteld in onze jaarlijkse nieuwsbrief.\u00a0\u00a0We belichten er de resultaten van onze enqu\u00eate over dit onderwerp en verschillende relevante statistieken.\u2028<\/p>\n\n\n\n<p>De toekomst van het Schumanplein en zijn omgeving zal centraal blijven. We zullen ook de voorbereidingen voor de festiviteiten rond de 200ste verjaardag van Belgi\u00eb (het Jubelpark) op de voet volgen en streven ervoor te zorgen dat de stem van de burgers wordt gehoord (bijvoorbeeld voor het behoud van het erfgoed).&nbsp;&nbsp;Hetzelfde geldt voor de opvolging van het Cityforward-project: de verkoop aan de Belgische Staat van 23 gebouwen van de Europese Commissie met het oog op hun renovatie.<\/p>\n\n\n\n<p>2024 is een belangrijk verkiezingsjaar. Er zijn ons veel beloftes gedaan. We zullen blijven pleiten bij de overheden voor de effectieve uitvoering van de gedane beloften om de levenskwaliteit in de wijk te verbeteren.<\/p>\n\n\n\n<p>Christian Dekeyser<\/p>\n\n\n\n<h2 class=\"wp-block-heading\" id=\"EN\">Edito<\/h2>\n\n\n\n<p><strong>Hello,<\/strong><\/p>\n\n\n\n<p>Mobility is an important topic for citizens, but also for governments and administrations.&nbsp;&nbsp;The GAQ has therefore decided to make it the central theme of its annual newsletter. We highlight the results of our survey on the subject as well as various statistics.\u2028<\/p>\n\n\n\n<p>The future of the Schuman roundabout and its surroundings remains a key concern. We will also be keeping a close eye on the preparations for Belgium&#8217;s 200th anniversary celebrations (the Jubilee Park) and will be endeavouring to ensure that the voice of the citizens is heard (for example on heritage conservation). The same goes for monitoring the Cityforward project: the sale of 23 European Commission buildings to the Belgian state for renovation.&#8221;<\/p>\n\n\n\n<p>2024 is an important election year. Many promises have been made to us. We will continue to put pressure on the authorities to implement the promises made to improve the quality of life in the district.<\/p>\n\n\n\n<p>Christian Dekeyser<\/p>\n\n\n\n<p class=\"has-text-align-center\"><a href=\"https:\/\/gaq.be\/iq2024\/\"><mark style=\"background-color:#57EAC2\" class=\"has-inline-color has-contrast-color\">Retour \u00e0 l&#8217;aper\u00e7u &#8211; Return to overview &#8211; Terug naar overzicht<\/mark><\/a><\/p>\n","protected":false},"excerpt":{"rendered":"<p>Bonjour, La mobilit\u00e9 est un enjeu important pour les citoyens mais aussi pour les gouvernements et le Coll\u00e8ge communal.&nbsp;&nbsp;Le GAQ a donc choisi d&#8217;en faire le th\u00e8me de son bulletin [&hellip;]<\/p>\n","protected":false},"author":2025,"featured_media":0,"parent":0,"menu_order":0,"comment_status":"closed","ping_status":"closed","template":"","meta":{"_EventAllDay":false,"_EventTimezone":"","_EventStartDate":"","_EventEndDate":"","_EventStartDateUTC":"","_EventEndDateUTC":"","_EventShowMap":false,"_EventShowMapLink":false,"_EventURL":"","_EventCost":"","_EventCostDescription":"","_EventCurrencySymbol":"","_EventCurrencyCode":"","_EventCurrencyPosition":"","_EventDateTimeSeparator":"","_EventTimeRangeSeparator":"","_EventOrganizerID":[],"_EventVenueID":[],"_OrganizerEmail":"","_OrganizerPhone":"","_OrganizerWebsite":"","_VenueAddress":"","_VenueCity":"","_VenueCountry":"","_VenueProvince":"","_VenueState":"","_VenueZip":"","_VenuePhone":"","_VenueURL":"","_VenueStateProvince":"","_VenueLat":"","_VenueLng":"","_VenueShowMap":false,"_VenueShowMapLink":false,"footnotes":""},"categories":[230],"tags":[],"class_list":["post-12460","page","type-page","status-publish","hentry","category-infor-quartier"],"_links":{"self":[{"href":"https:\/\/gaq.be\/nl\/wp-json\/wp\/v2\/pages\/12460","targetHints":{"allow":["GET"]}}],"collection":[{"href":"https:\/\/gaq.be\/nl\/wp-json\/wp\/v2\/pages"}],"about":[{"href":"https:\/\/gaq.be\/nl\/wp-json\/wp\/v2\/types\/page"}],"author":[{"embeddable":true,"href":"https:\/\/gaq.be\/nl\/wp-json\/wp\/v2\/users\/2025"}],"replies":[{"embeddable":true,"href":"https:\/\/gaq.be\/nl\/wp-json\/wp\/v2\/comments?post=12460"}],"version-history":[{"count":7,"href":"https:\/\/gaq.be\/nl\/wp-json\/wp\/v2\/pages\/12460\/revisions"}],"predecessor-version":[{"id":12703,"href":"https:\/\/gaq.be\/nl\/wp-json\/wp\/v2\/pages\/12460\/revisions\/12703"}],"wp:attachment":[{"href":"https:\/\/gaq.be\/nl\/wp-json\/wp\/v2\/media?parent=12460"}],"wp:term":[{"taxonomy":"category","embeddable":true,"href":"https:\/\/gaq.be\/nl\/wp-json\/wp\/v2\/categories?post=12460"},{"taxonomy":"post_tag","embeddable":true,"href":"https:\/\/gaq.be\/nl\/wp-json\/wp\/v2\/tags?post=12460"}],"curies":[{"name":"wp","href":"https:\/\/api.w.org\/{rel}","templated":true}]}}