{"id":12464,"date":"2024-06-21T17:34:09","date_gmt":"2024-06-21T15:34:09","guid":{"rendered":"https:\/\/gaq.be\/?page_id=12464"},"modified":"2024-07-18T09:55:59","modified_gmt":"2024-07-18T07:55:59","slug":"iq2024-gaq-fonctionne","status":"publish","type":"page","link":"https:\/\/gaq.be\/nl\/iq2024-gaq-fonctionne\/","title":{"rendered":"IQ2024 &#8211; Comment fonctionne le GAQ ?"},"content":{"rendered":"\n<p><strong>Le GAQ &#8211; Votre Comit\u00e9 de Quartier<\/strong><\/p>\n\n\n\n<p>Selon&nbsp;<strong>les&nbsp;<\/strong><a href=\"https:\/\/www.gaq.be\/documents-officiels\/\"><strong>statuts<\/strong><\/a>, le GAQ asbl&nbsp;promeut la convivialit\u00e9, d\u00e9fend, am\u00e9liore et promeut la qualit\u00e9 de la vie et la protection du patrimoine, porte attention au r\u00e9chauffement climatique, et promeut la participation citoyenne.&nbsp;<\/p>\n\n\n\n<p><strong>Vous voulez en savoir plus&nbsp;? Rendez-vous sur&nbsp;<\/strong><a href=\"http:\/\/www.gaq.be\/\"><strong>www.gaq.be<\/strong><\/a><strong>&nbsp;pour le magazine Infor-Quartier en version longue.<\/strong><\/p>\n\n\n\n<p>Nos buts vous parlent et vous habitez le quartier ?\u00a0<strong>Devenez membre<\/strong>\u00a0du GAQ ! 25 \u20ac par an \u00e0 verser au compte mentionn\u00e9 ci-dessous, avec en communication nom, adresse postale et email. Merci de communiquer ces donn\u00e9es \u00e0\u00a0<a href=\"mailto:membres@gaq.be\" target=\"_blank\" rel=\"noreferrer noopener\">membres@gaq.be<\/a>.\u00a0\u00a0<\/p>\n\n\n\n<p>Compte:\u00a0<strong>GAQ asbl \u2013 IBAN BE54 3631 8311 2697<\/strong><\/p>\n\n\n\n<h2 class=\"wp-block-heading\" id=\"NL\">Hoe werkt de GAQ ?<\/h2>\n\n\n\n<p><strong>GAQ &#8211; Uw buurtcomit\u00e9&nbsp;&nbsp;<\/strong><\/p>\n\n\n\n<p>Zoals vastgelegd in de&nbsp;<a href=\"https:\/\/www.gaq.be\/documents-officiels\/\"><strong>statuten<\/strong><\/a>&nbsp;wil de GAQ vzw de gezelligheid van de buurt bevorderen, de levenskwaliteit veilig stellen en verbeteren, het erfgoed beschermen, meedenken over de opwarming van de aarde en de betrokkenheid van burgers stimuleren.<\/p>\n\n\n\n<p><strong>Meer hierover in de elektronische versie van Infor-Quartier op&nbsp;<\/strong><a href=\"http:\/\/www.gaq.be\/\"><strong>www.gaq.be<\/strong><\/a><strong><\/strong><\/p>\n\n\n\n<p><strong>Ge\u00efnteresseerd en u woont in onze buurt? Word lid<\/strong>\u00a0van GAQ! De jaarlijkse bijdrage bedraagt 25\u20ac en kan gestort worden op de hieronder vermelde rekening met in de mededeling uw naam, adres en email-adres (maar vervang de @ door een -). Stuur deze informatie ook nog naar\u00a0<a href=\"mailto:membres@gaq.be\" target=\"_blank\" rel=\"noreferrer noopener\">membres@gaq.be<\/a>.\u00a0\u00a0<\/p>\n\n\n\n<p>Rekening:\u00a0<strong>GAQ asbl \u2013 IBAN BE54 3631 8311 2697<\/strong><\/p>\n\n\n\n<h2 class=\"wp-block-heading\" id=\"EN\">How we tick<\/h2>\n\n\n\n<p><strong>GAQ &#8211; Your neighbourhood committee<\/strong><\/p>\n\n\n\n<p>Our&nbsp;<a href=\"https:\/\/www.gaq.be\/wp-admin\/post.php?post=3134&amp;action=edit\">statutes<\/a>&nbsp;describe our aims: to promote conviviality; to defend, improve and promote the quality of life, to protect the heritage, to draw attention to global warming, to promote citizen participation.&nbsp;<\/p>\n\n\n\n<p><strong>To learn more about our work, check out the online version of this magazine at&nbsp;<\/strong><a href=\"http:\/\/www.gaq.be\/\"><strong>www.gaq.be<\/strong><\/a><strong><\/strong><\/p>\n\n\n\n<p><strong>Interested and living in our neighbourhood?<\/strong>&nbsp;<strong>Then join the GAQ!<\/strong>&nbsp;The annual fee is \u20ac25 payable to the account below. Please put your name, address and email in the communication (replace @ with -). Thanks also for communicating this information to&nbsp;<a href=\"mailto:membres@gaq.be\" target=\"_blank\" rel=\"noreferrer noopener\">membres@gaq.be<\/a>.&nbsp;<\/p>\n\n\n\n<p>Bank account:\u00a0<strong>GAQ asbl \u2013 IBAN BE54 3631 8311 2697<\/strong><\/p>\n\n\n\n<p class=\"has-text-align-center\"><a href=\"https:\/\/gaq.be\/iq2024\/\"><mark style=\"background-color:#57EAC2\" class=\"has-inline-color has-contrast-color\">Retour \u00e0 l&#8217;aper\u00e7u &#8211; Return to overview &#8211; Terug naar overzicht<\/mark><\/a><\/p>\n","protected":false},"excerpt":{"rendered":"<p>Le GAQ &#8211; Votre Comit\u00e9 de Quartier Selon&nbsp;les&nbsp;statuts, le GAQ asbl&nbsp;promeut la convivialit\u00e9, d\u00e9fend, am\u00e9liore et promeut la qualit\u00e9 de la vie et la protection du patrimoine, porte attention au [&hellip;]<\/p>\n","protected":false},"author":2025,"featured_media":0,"parent":0,"menu_order":0,"comment_status":"closed","ping_status":"closed","template":"","meta":{"_EventAllDay":false,"_EventTimezone":"","_EventStartDate":"","_EventEndDate":"","_EventStartDateUTC":"","_EventEndDateUTC":"","_EventShowMap":false,"_EventShowMapLink":false,"_EventURL":"","_EventCost":"","_EventCostDescription":"","_EventCurrencySymbol":"","_EventCurrencyCode":"","_EventCurrencyPosition":"","_EventDateTimeSeparator":"","_EventTimeRangeSeparator":"","_EventOrganizerID":[],"_EventVenueID":[],"_OrganizerEmail":"","_OrganizerPhone":"","_OrganizerWebsite":"","_VenueAddress":"","_VenueCity":"","_VenueCountry":"","_VenueProvince":"","_VenueState":"","_VenueZip":"","_VenuePhone":"","_VenueURL":"","_VenueStateProvince":"","_VenueLat":"","_VenueLng":"","_VenueShowMap":false,"_VenueShowMapLink":false,"footnotes":""},"categories":[230],"tags":[],"class_list":["post-12464","page","type-page","status-publish","hentry","category-infor-quartier"],"_links":{"self":[{"href":"https:\/\/gaq.be\/nl\/wp-json\/wp\/v2\/pages\/12464","targetHints":{"allow":["GET"]}}],"collection":[{"href":"https:\/\/gaq.be\/nl\/wp-json\/wp\/v2\/pages"}],"about":[{"href":"https:\/\/gaq.be\/nl\/wp-json\/wp\/v2\/types\/page"}],"author":[{"embeddable":true,"href":"https:\/\/gaq.be\/nl\/wp-json\/wp\/v2\/users\/2025"}],"replies":[{"embeddable":true,"href":"https:\/\/gaq.be\/nl\/wp-json\/wp\/v2\/comments?post=12464"}],"version-history":[{"count":6,"href":"https:\/\/gaq.be\/nl\/wp-json\/wp\/v2\/pages\/12464\/revisions"}],"predecessor-version":[{"id":12705,"href":"https:\/\/gaq.be\/nl\/wp-json\/wp\/v2\/pages\/12464\/revisions\/12705"}],"wp:attachment":[{"href":"https:\/\/gaq.be\/nl\/wp-json\/wp\/v2\/media?parent=12464"}],"wp:term":[{"taxonomy":"category","embeddable":true,"href":"https:\/\/gaq.be\/nl\/wp-json\/wp\/v2\/categories?post=12464"},{"taxonomy":"post_tag","embeddable":true,"href":"https:\/\/gaq.be\/nl\/wp-json\/wp\/v2\/tags?post=12464"}],"curies":[{"name":"wp","href":"https:\/\/api.w.org\/{rel}","templated":true}]}}