{"id":12476,"date":"2024-06-21T17:48:02","date_gmt":"2024-06-21T15:48:02","guid":{"rendered":"https:\/\/gaq.be\/?page_id=12476"},"modified":"2024-08-01T10:33:27","modified_gmt":"2024-08-01T08:33:27","slug":"iq2024-legende-plan","status":"publish","type":"page","link":"https:\/\/gaq.be\/nl\/iq2024-legende-plan\/","title":{"rendered":"IQ2024 &#8211; L\u00e9gende du plan du Quartier"},"content":{"rendered":"\n<p>Dans notre quartier, la mobilit\u00e9 est d\u2019une grande importance et elle \u00e9volue, notamment avec les travaux autour de Schuman. Impossible de repr\u00e9senter toutes ces \u00e9volutions sur un petit plan. Pour 2024, nous avons mis l&#8217;accent sur les changements r\u00e9cents.<\/p>\n\n\n\n<p>Nous nous r\u00e9jouissons d\u2019avance d&#8217;une discussion anim\u00e9e lors de nos r\u00e9unions mensuelles et au sein du groupe de travail &#8220;Mobilit\u00e9&#8221;.<\/p>\n\n\n\n<p><strong>Mobilit\u00e9 partag\u00e9e<\/strong><strong><\/strong><\/p>\n\n\n\n<p>Sur son site,&nbsp;<em>Bruxelles Mobilit\u00e9<\/em>&nbsp;affiche une liste de solutions de mobilit\u00e9 partag\u00e9e actuellement disponibles&nbsp;:<a href=\"https:\/\/mobilite-mobiliteit.brussels\/fr\/se-deplacer\/mobilite-partagee#VELOS\">https:\/\/mobilite-mobiliteit.brussels\/fr\/se-deplacer\/mobilite-partagee#VELOS<\/a>&nbsp;<\/p>\n\n\n\n<p><strong>Bornes \u00e9lectriques<\/strong><strong><\/strong><\/p>\n\n\n\n<p>Sous&nbsp;<em>electrify.brussels<\/em>,&nbsp;<em>Bruxelles Environnement<\/em>&nbsp;met \u00e0 disposition un plan et une liste des bornes de recharge disponibles :&nbsp;<a href=\"https:\/\/electrify.brussels\/fr\/ou-recharger\">https:\/\/electrify.brussels\/fr\/ou-recharger<\/a>&nbsp;. Elles sont en nombre largement insuffisant.<\/p>\n\n\n\n<p><strong>Trottinettes \u00e9lectriques<\/strong><strong><\/strong><\/p>\n\n\n\n<p>D\u00e9but \u00e9t\u00e9 2024, le site de&nbsp;<em>Bruxelles Mobilit\u00e9<\/em>&nbsp;n\u2019est pas vraiment \u00e0 jour \u00e0 ce sujet : la page ne mentionne pas l\u2019obligation de garer les trottinettes dans des \u00ab dropzones \u00bb. On les trouve maintenant aux coins des rues et elles sont souvent marqu\u00e9es d\u2019une bordure (<a href=\"https:\/\/mobilite-mobiliteit.brussels\/fr\/la-trottinette-electrique-a-bruxelles\">https:\/\/mobilite-mobiliteit.brussels\/fr\/la-trottinette-electrique-a-bruxelles<\/a>).&nbsp;<\/p>\n\n\n\n<p><em>Bruxelles Mobilit\u00e9&nbsp;<\/em>a par ailleurs mis en ligne un&nbsp;<em>Guide des Dropzones<\/em>&nbsp;et une carte de planification des dropzones :&nbsp;<a href=\"https:\/\/dropzone.vraimentvraiment.com\/\">https:\/\/dropzone.vraimentvraiment.com\/<\/a>&nbsp; (ID : vv \/\/ MdP : interet general).<\/p>\n\n\n\n<p>Notre photo montre que ce n&#8217;est pas toujours tr\u00e8s civilis\u00e9\u2026<\/p>\n\n\n\n<figure class=\"wp-block-image size-large is-resized\"><img loading=\"lazy\" decoding=\"async\" width=\"1024\" height=\"771\" src=\"https:\/\/gaq.be\/wp-content\/uploads\/2024\/07\/Drop-Zone-1024x771.jpg\" alt=\"\" class=\"wp-image-12712\" style=\"width:348px;height:auto\" srcset=\"https:\/\/gaq.be\/wp-content\/uploads\/2024\/07\/Drop-Zone-1024x771.jpg 1024w, https:\/\/gaq.be\/wp-content\/uploads\/2024\/07\/Drop-Zone-300x226.jpg 300w, https:\/\/gaq.be\/wp-content\/uploads\/2024\/07\/Drop-Zone-768x578.jpg 768w, https:\/\/gaq.be\/wp-content\/uploads\/2024\/07\/Drop-Zone-1536x1157.jpg 1536w, https:\/\/gaq.be\/wp-content\/uploads\/2024\/07\/Drop-Zone-2048x1542.jpg 2048w, https:\/\/gaq.be\/wp-content\/uploads\/2024\/07\/Drop-Zone-600x452.jpg 600w\" sizes=\"auto, (max-width: 1024px) 100vw, 1024px\" \/><\/figure>\n\n\n\n<p><strong>\u2026et puis Schuman\u2026<\/strong><strong><\/strong><\/p>\n\n\n\n<p>Difficile de faire un r\u00e9sum\u00e9 de ce projet dans l\u2019espace disponible ici. Nous vous conseillons de suivre ce dossier sur le site du GAQ et sp\u00e9cifiquement sur&nbsp;<a href=\"https:\/\/gaq.be\/projet\/project-5\/\">https:\/\/gaq.be\/projet\/project-5\/<\/a>. Aussi sur Beliris&nbsp;:&nbsp;<a href=\"https:\/\/www.beliris.be\/projets\/schuman-rond-point.html\">https:\/\/www.beliris.be\/projets\/schuman-rond-point.html<\/a>&nbsp;<\/p>\n\n\n\n<p>Extrait<em>&nbsp;<\/em>\u00e0 l\u2019affiche devant le Berlaymont :<\/p>\n\n\n\n<div class=\"wp-block-group is-layout-grid wp-container-core-group-is-layout-478b6e6b wp-block-group-is-layout-grid\">\n<p class=\"wp-container-content-69bc4bdf\"><strong><em>Espace partag\u00e9<\/em><\/strong><\/p>\n\n\n\n<p class=\"wp-container-content-e29552f7\"><em>Le rond-point devient une promenade pi\u00e9tonne dans un espace plus v\u00e9g\u00e9talis\u00e9 reliant le parc du Cinquantenaire et la rue de la Loi. Le plan de mobilit\u00e9 du quartier est adapt\u00e9 pour laisser place \u00e0 une zone d\u00e9volue aux modes de d\u00e9placements actifs.&nbsp;&nbsp;&nbsp;&nbsp;&nbsp;&nbsp;&nbsp;&nbsp;&nbsp;&nbsp;&nbsp;&nbsp;&nbsp;&nbsp;&nbsp;<br>La circulation automobile est maintenue entre l&#8217;avenue de Cortenbergh et la rue de la Loi\/ rue Archim\u00e8de, tandis que la travers\u00e9e nord\/sud du rond-point n&#8217;est plus autoris\u00e9e.<\/em> <em>La mobilit\u00e9 douce est favoris\u00e9e par la pr\u00e9sence de pistes cyclables plus s\u00e9curis\u00e9es et plus visibles au niveau du rond-point et de part et d&#8217;autre de la rue de la Loi. Les am\u00e9nagements de plain-pied facilitent les d\u00e9placements des pi\u00e9tons.<\/em><\/p>\n\n\n\n<p class=\"wp-container-content-5f80b302\">Ailleurs, de myst\u00e9rieux panneaux \u00ab\u00a0<em>European Quarter Brussels<\/em>\u00a0\u00bb ont fait leur apparition, indiquant\u00a0<strong>\u00e0 partir<\/strong>\u00a0du Quartier europ\u00e9en la direction\u00a0<strong>vers<\/strong>\u00a0\u00ab\u00a0<em>Quartier europ\u00e9en<\/em>\u00a0\u00bb, chaque fois pour voitures, pi\u00e9tons et cyclistes. On se demande\u2026<\/p>\n<\/div>\n\n\n\n<figure class=\"wp-block-image size-large is-resized\"><img loading=\"lazy\" decoding=\"async\" width=\"1024\" height=\"771\" src=\"https:\/\/gaq.be\/wp-content\/uploads\/2024\/07\/Clovis-pistes-1024x771.jpg\" alt=\"\" class=\"wp-image-12718\" style=\"width:328px;height:auto\" srcset=\"https:\/\/gaq.be\/wp-content\/uploads\/2024\/07\/Clovis-pistes-1024x771.jpg 1024w, https:\/\/gaq.be\/wp-content\/uploads\/2024\/07\/Clovis-pistes-300x226.jpg 300w, https:\/\/gaq.be\/wp-content\/uploads\/2024\/07\/Clovis-pistes-768x578.jpg 768w, https:\/\/gaq.be\/wp-content\/uploads\/2024\/07\/Clovis-pistes-1536x1157.jpg 1536w, https:\/\/gaq.be\/wp-content\/uploads\/2024\/07\/Clovis-pistes-2048x1542.jpg 2048w, https:\/\/gaq.be\/wp-content\/uploads\/2024\/07\/Clovis-pistes-600x452.jpg 600w\" sizes=\"auto, (max-width: 1024px) 100vw, 1024px\" \/><\/figure>\n\n\n\n<p><\/p>\n\n\n\n<h2 class=\"wp-block-heading\" id=\"NL\">Legende voor de kaart van de wijk<\/h2>\n\n\n\n<p>Onze wijk wordt sterk be\u00efnvloed door een mobiliteitsplan dat verandert, vooral door de werken rond Schuman. Het is onmogelijk om alle facetten van deze veranderingen op een kleine kaart weer te geven. De kaarten in de vorige edities van Infor-Quartier stonden ons reeds toe om sommige aspecten te visualiseren. Voor 2024 zetten we een focus op de nieuwe ontwikkelingen.<\/p>\n\n\n\n<p>We kijken uit naar een levendige discussie tijdens onze maandelijkse bijeenkomsten en in de werkgroep Mobiliteit.<\/p>\n\n\n\n<p><strong>Gedeelde mobiliteit<\/strong><\/p>\n\n\n\n<p>Op haar website geeft Brussel Mobiliteit een overzicht van de oplossingen voor gedeelde mobiliteit die momenteel beschikbaar zijn:&nbsp;<a href=\"https:\/\/mobilite-mobiliteit.brussels\/fr\/se-deplacer\/mobilite-partagee#VELOS\">https:\/\/mobilite-mobiliteit.brussels\/fr\/se-deplacer\/mobilite-partagee#VELOS<\/a><\/p>\n\n\n\n<p><strong>Elektrische oplaadpunten<\/strong><\/p>\n\n\n\n<p>Leefmilieu Brussel publiceert op electrify.brussels een online kaart en een lijst met oplaadpunten voor elektrische auto&#8217;s:&nbsp;<a href=\"https:\/\/electrify.brussels\/fr\/ou-recharger\">https:\/\/electrify.brussels\/fr\/ou-recharger<\/a>. Er zijn er nog te weinig.<\/p>\n\n\n\n<p><strong>Elektrische scooters<\/strong><\/p>\n\n\n\n<p>Bij het begin van de zomer 2024 was de website van Brussel Mobiliteit niet echt up-to-date over dit onderwerp: de betreffende pagina vermeldde de verplichting om scooters te parkeren in \u201cdropzones\u201d niet. Deze zijn nu te vinden op straathoeken en zijn vaak gemarkeerd met een witte rand. (<a href=\"https:\/\/mobilite-mobiliteit.brussels\/fr\/la-trottinette-electrique-a-bruxelles\">https:\/\/mobilite-mobiliteit.brussels\/fr\/la-trottinette-electrique-a-bruxelles<\/a>).<\/p>\n\n\n\n<p>Brussel Mobiliteit heeft ook een online Dropzone-gids en een kaart met de planning van dropzones gepubliceerd: https:\/\/dropzone.vraimentvraiment.com\/<\/p>\n\n\n\n<p>&nbsp;(ID: vv \/\/ MdP: interetgeneral).<\/p>\n\n\n\n<p>Onze foto laat zien dat het niet altijd even beschaafd aan toe gaat&#8230;&#8230;<\/p>\n\n\n\n<figure class=\"wp-block-image size-large is-resized\"><img loading=\"lazy\" decoding=\"async\" width=\"1024\" height=\"771\" src=\"https:\/\/gaq.be\/wp-content\/uploads\/2024\/07\/Drop-Zone-1024x771.jpg\" alt=\"\" class=\"wp-image-12712\" style=\"width:348px;height:auto\" srcset=\"https:\/\/gaq.be\/wp-content\/uploads\/2024\/07\/Drop-Zone-1024x771.jpg 1024w, https:\/\/gaq.be\/wp-content\/uploads\/2024\/07\/Drop-Zone-300x226.jpg 300w, https:\/\/gaq.be\/wp-content\/uploads\/2024\/07\/Drop-Zone-768x578.jpg 768w, https:\/\/gaq.be\/wp-content\/uploads\/2024\/07\/Drop-Zone-1536x1157.jpg 1536w, https:\/\/gaq.be\/wp-content\/uploads\/2024\/07\/Drop-Zone-2048x1542.jpg 2048w, https:\/\/gaq.be\/wp-content\/uploads\/2024\/07\/Drop-Zone-600x452.jpg 600w\" sizes=\"auto, (max-width: 1024px) 100vw, 1024px\" \/><\/figure>\n\n\n\n<p><\/p>\n\n\n\n<p><strong>&#8230;en dan is er Schuman&#8230;<\/strong><\/p>\n\n\n\n<p>Het is moeilijk om dit project samen te vatten in de ruimte die hier beschikbaar is. Het beste is om het nieuws te volgen op de GAQ site en specifiek op&nbsp;<a href=\"https:\/\/gaq.be\/projet\/project-5\/\">https:\/\/gaq.be\/projet\/project-5\/<\/a>.<\/p>\n\n\n\n<p>&nbsp;Ook op Beliris:&nbsp;<a href=\"https:\/\/www.beliris.be\/projets\/schuman-rond-point.html\">https:\/\/www.beliris.be\/projets\/schuman-rond-point.html<\/a><\/p>\n\n\n\n<p>Fragment op een poster voor de Berlaymont :<\/p>\n\n\n\n<div class=\"wp-block-group is-layout-grid wp-container-core-group-is-layout-478b6e6b wp-block-group-is-layout-grid\">\n<p class=\"wp-container-content-69bc4bdf\"><strong><em>Gedeelde ruimte<\/em><\/strong><\/p>\n\n\n\n<p class=\"wp-container-content-e29552f7\">De rotonde wordt een wandelpad in een beter beplant gebied dat het Jubelpark en de Wetstraat met elkaar verbindt. Het mobiliteitsplan van de wijk werd aangepast om plaats te maken voor een zone die gewijd is aan actieve modaliteiten.&nbsp;&nbsp;&nbsp;Het autoverkeer wordt gehandhaafd tussen de Kortenberglaan en de Wetstraat\/ Archimedesstraat, terwijl het oversteken van de rotonde in noord-zuidrichting niet langer is toegestaan.Zachte mobiliteit wordt aangemoedigd met de aanwezigheid van veiligere, beter zichtbare fietspaden, ook aan weerszijden van de Wetstraat. Een trottoirs en straat liggen op hetzelfde niveau om het voor voetgangers gemakkelijker te maken om zich te verplaatsen.<\/p>\n<\/div>\n\n\n\n<p>Elders zijn mysterieuze borden \u201cEuropese wijk Brussel\u201d verschenen die de weg wijzen van de Europawijk naar de Europawijk, telkens voor auto&#8217;s, voetgangers en fietsers. Het doet je afvragen&#8230;<\/p>\n\n\n\n<figure class=\"wp-block-image size-large is-resized\"><img loading=\"lazy\" decoding=\"async\" width=\"1024\" height=\"771\" src=\"https:\/\/gaq.be\/wp-content\/uploads\/2024\/07\/Clovis-pistes-1024x771.jpg\" alt=\"\" class=\"wp-image-12718\" style=\"width:328px;height:auto\" srcset=\"https:\/\/gaq.be\/wp-content\/uploads\/2024\/07\/Clovis-pistes-1024x771.jpg 1024w, https:\/\/gaq.be\/wp-content\/uploads\/2024\/07\/Clovis-pistes-300x226.jpg 300w, https:\/\/gaq.be\/wp-content\/uploads\/2024\/07\/Clovis-pistes-768x578.jpg 768w, https:\/\/gaq.be\/wp-content\/uploads\/2024\/07\/Clovis-pistes-1536x1157.jpg 1536w, https:\/\/gaq.be\/wp-content\/uploads\/2024\/07\/Clovis-pistes-2048x1542.jpg 2048w, https:\/\/gaq.be\/wp-content\/uploads\/2024\/07\/Clovis-pistes-600x452.jpg 600w\" sizes=\"auto, (max-width: 1024px) 100vw, 1024px\" \/><\/figure>\n\n\n\n<h2 class=\"wp-block-heading\" id=\"EN\">Legend for the Area Map<\/h2>\n\n\n\n<p>Our district is strongly influenced by changing mobility, particularly with the works around Schuman. It&#8217;s impossible to show all the facets of these changes on a small map. The many maps in previous editions of Infor-Quartier have enabled us to visualise some aspects. For 2024, we have focused on the new developments.<\/p>\n\n\n\n<p>We look forward to a lively discussion at our monthly meetings and in the Mobility working group.<\/p>\n\n\n\n<p><strong>Shared mobility<\/strong><strong><\/strong><\/p>\n\n\n\n<p>On its website, Brussels Mobility provides a list of shared mobility solutions currently available:&nbsp;<a href=\"https:\/\/mobilite-mobiliteit.brussels\/fr\/se-deplacer\/mobilite-partagee#VELOS\">https:\/\/mobilite-mobiliteit.brussels\/fr\/se-deplacer\/mobilite-partagee#VELOS<\/a><\/p>\n\n\n\n<p><strong>Electric charging points<\/strong><\/p>\n\n\n\n<p>On electrify.brussels, Brussels Environment provides an online map and list of charging points available for electric cars:&nbsp;<a href=\"https:\/\/electrify.brussels\/fr\/ou-recharger\">https:\/\/electrify.brussels\/fr\/ou-recharger<\/a>. There are far too few of them.<\/p>\n\n\n\n<p><strong>Electric scooters<\/strong><\/p>\n\n\n\n<p>At the beginning of the summer of 2024, the Brussels Mobility website was not really up to date on this subject: the relevant page did not mention the obligation to park scooters in \u2018dropzones\u2019. These are now available on street corners and are often marked with a white border. (<a href=\"https:\/\/mobilite-mobiliteit.brussels\/fr\/la-trottinette-electrique-a-bruxelles\">https:\/\/mobilite-mobiliteit.brussels\/fr\/la-trottinette-electrique-a-bruxelles<\/a>).<\/p>\n\n\n\n<p>Bruxelles Mobilit\u00e9 has also published an online Dropzone Guide and a dropzone planning map: https:\/\/dropzone.vraimentvraiment.com\/ (ID: vv \/\/ MdP: interetgeneral.<\/p>\n\n\n\n<p>Our photo shows that it&#8217;s not always very civilised&#8230;&#8230;<\/p>\n\n\n\n<figure class=\"wp-block-image size-large is-resized\"><img loading=\"lazy\" decoding=\"async\" width=\"1024\" height=\"771\" src=\"https:\/\/gaq.be\/wp-content\/uploads\/2024\/07\/Drop-Zone-1024x771.jpg\" alt=\"\" class=\"wp-image-12712\" style=\"width:348px;height:auto\" srcset=\"https:\/\/gaq.be\/wp-content\/uploads\/2024\/07\/Drop-Zone-1024x771.jpg 1024w, https:\/\/gaq.be\/wp-content\/uploads\/2024\/07\/Drop-Zone-300x226.jpg 300w, https:\/\/gaq.be\/wp-content\/uploads\/2024\/07\/Drop-Zone-768x578.jpg 768w, https:\/\/gaq.be\/wp-content\/uploads\/2024\/07\/Drop-Zone-1536x1157.jpg 1536w, https:\/\/gaq.be\/wp-content\/uploads\/2024\/07\/Drop-Zone-2048x1542.jpg 2048w, https:\/\/gaq.be\/wp-content\/uploads\/2024\/07\/Drop-Zone-600x452.jpg 600w\" sizes=\"auto, (max-width: 1024px) 100vw, 1024px\" \/><\/figure>\n\n\n\n<p><strong>&#8230;and then Schuman&#8230;<\/strong><\/p>\n\n\n\n<p>It&#8217;s hard to summarise this project in the space available here. It&#8217;s best to follow the news on the GAQ site and specifically on&nbsp;<a href=\"https:\/\/gaq.be\/projet\/project-5\/\">https:\/\/gaq.be\/projet\/project-5\/<\/a>.&nbsp;&nbsp;Also on Beliris:&nbsp;<a href=\"https:\/\/www.beliris.be\/projets\/schuman-rond-point.html\">https:\/\/www.beliris.be\/projets\/schuman-rond-point.html<\/a><\/p>\n\n\n\n<p>Excerpt of the poster in front of the Berlaymont:<\/p>\n\n\n\n<div class=\"wp-block-group is-layout-grid wp-container-core-group-is-layout-478b6e6b wp-block-group-is-layout-grid\">\n<p><strong><em>Shared space<\/em><\/strong><\/p>\n\n\n\n<p class=\"wp-container-content-e29552f7\"><em>The roundabout will become a pedestrian walkway in a more planted area linking Parc du Cinquantenaire and Rue de la Loi. The district&#8217;s mobility plan has been adapted to make way for an area dedicated to active modes of transport.&nbsp;&nbsp;&nbsp;Car traffic will be maintained between avenue de Cortenbergh and rue de la Loi\/ rue Archim\u00e8de, while the north\/south crossing of the roundabout will no longer be permitted.Soft mobility is encouraged by the presence of safer, more visible cycle paths at the roundabout and on either side of rue de la Loi. Pedestrians will find it easier to get around thanks to the level access.<\/em><\/p>\n<\/div>\n\n\n\n<p>Elsewhere, mysterious \u2018European Quarter Brussels\u2019 signs have appeared, pointing the way from the Quartier Europ\u00e9en to the Quartier Europ\u00e9en, each time for cars, pedestrians and cyclists. It makes you wonder&#8230;<\/p>\n\n\n\n<figure class=\"wp-block-image size-large is-resized\"><img loading=\"lazy\" decoding=\"async\" width=\"1024\" height=\"771\" src=\"https:\/\/gaq.be\/wp-content\/uploads\/2024\/07\/Clovis-pistes-1024x771.jpg\" alt=\"\" class=\"wp-image-12718\" style=\"width:328px;height:auto\" srcset=\"https:\/\/gaq.be\/wp-content\/uploads\/2024\/07\/Clovis-pistes-1024x771.jpg 1024w, https:\/\/gaq.be\/wp-content\/uploads\/2024\/07\/Clovis-pistes-300x226.jpg 300w, https:\/\/gaq.be\/wp-content\/uploads\/2024\/07\/Clovis-pistes-768x578.jpg 768w, https:\/\/gaq.be\/wp-content\/uploads\/2024\/07\/Clovis-pistes-1536x1157.jpg 1536w, https:\/\/gaq.be\/wp-content\/uploads\/2024\/07\/Clovis-pistes-2048x1542.jpg 2048w, https:\/\/gaq.be\/wp-content\/uploads\/2024\/07\/Clovis-pistes-600x452.jpg 600w\" sizes=\"auto, (max-width: 1024px) 100vw, 1024px\" \/><\/figure>\n\n\n\n<p class=\"has-text-align-center\"><a href=\"https:\/\/gaq.be\/iq2024\/\"><mark style=\"background-color:#57EAC2\" class=\"has-inline-color has-contrast-color\">Retour \u00e0 l&#8217;aper\u00e7u &#8211; Return to overview &#8211; Terug naar overzicht<\/mark><\/a><\/p>\n","protected":false},"excerpt":{"rendered":"<p>Dans notre quartier, la mobilit\u00e9 est d\u2019une grande importance et elle \u00e9volue, notamment avec les travaux autour de Schuman. Impossible de repr\u00e9senter toutes ces \u00e9volutions sur un petit plan. Pour [&hellip;]<\/p>\n","protected":false},"author":2025,"featured_media":0,"parent":0,"menu_order":0,"comment_status":"closed","ping_status":"closed","template":"","meta":{"_EventAllDay":false,"_EventTimezone":"","_EventStartDate":"","_EventEndDate":"","_EventStartDateUTC":"","_EventEndDateUTC":"","_EventShowMap":false,"_EventShowMapLink":false,"_EventURL":"","_EventCost":"","_EventCostDescription":"","_EventCurrencySymbol":"","_EventCurrencyCode":"","_EventCurrencyPosition":"","_EventDateTimeSeparator":"","_EventTimeRangeSeparator":"","_EventOrganizerID":[],"_EventVenueID":[],"_OrganizerEmail":"","_OrganizerPhone":"","_OrganizerWebsite":"","_VenueAddress":"","_VenueCity":"","_VenueCountry":"","_VenueProvince":"","_VenueState":"","_VenueZip":"","_VenuePhone":"","_VenueURL":"","_VenueStateProvince":"","_VenueLat":"","_VenueLng":"","_VenueShowMap":false,"_VenueShowMapLink":false,"footnotes":""},"categories":[230],"tags":[],"class_list":["post-12476","page","type-page","status-publish","hentry","category-infor-quartier"],"_links":{"self":[{"href":"https:\/\/gaq.be\/nl\/wp-json\/wp\/v2\/pages\/12476","targetHints":{"allow":["GET"]}}],"collection":[{"href":"https:\/\/gaq.be\/nl\/wp-json\/wp\/v2\/pages"}],"about":[{"href":"https:\/\/gaq.be\/nl\/wp-json\/wp\/v2\/types\/page"}],"author":[{"embeddable":true,"href":"https:\/\/gaq.be\/nl\/wp-json\/wp\/v2\/users\/2025"}],"replies":[{"embeddable":true,"href":"https:\/\/gaq.be\/nl\/wp-json\/wp\/v2\/comments?post=12476"}],"version-history":[{"count":12,"href":"https:\/\/gaq.be\/nl\/wp-json\/wp\/v2\/pages\/12476\/revisions"}],"predecessor-version":[{"id":12948,"href":"https:\/\/gaq.be\/nl\/wp-json\/wp\/v2\/pages\/12476\/revisions\/12948"}],"wp:attachment":[{"href":"https:\/\/gaq.be\/nl\/wp-json\/wp\/v2\/media?parent=12476"}],"wp:term":[{"taxonomy":"category","embeddable":true,"href":"https:\/\/gaq.be\/nl\/wp-json\/wp\/v2\/categories?post=12476"},{"taxonomy":"post_tag","embeddable":true,"href":"https:\/\/gaq.be\/nl\/wp-json\/wp\/v2\/tags?post=12476"}],"curies":[{"name":"wp","href":"https:\/\/api.w.org\/{rel}","templated":true}]}}