{"id":12481,"date":"2024-06-21T17:52:35","date_gmt":"2024-06-21T15:52:35","guid":{"rendered":"https:\/\/gaq.be\/?page_id=12481"},"modified":"2024-07-24T15:59:06","modified_gmt":"2024-07-24T13:59:06","slug":"iq2024-associations","status":"publish","type":"page","link":"https:\/\/gaq.be\/nl\/iq2024-associations\/","title":{"rendered":"IQ2024 &#8211; Nouvelles de nos associations s\u0153urs"},"content":{"rendered":"\n<p class=\"has-large-font-size\"><strong>L\u2019Estampille, galerie d\u2019art et espace culturelle asbl<\/strong><\/p>\n\n\n\n<p class=\"has-large-font-size\"><strong>Bien plus qu\u2019une galerie\u2026.<\/strong><\/p>\n\n\n\n<figure class=\"wp-block-image size-large is-resized\"><img loading=\"lazy\" decoding=\"async\" width=\"915\" height=\"1024\" src=\"https:\/\/gaq.be\/wp-content\/uploads\/2024\/07\/20-Logo-lEstampille-1-915x1024.jpg\" alt=\"\" class=\"wp-image-12881\" style=\"width:124px;height:auto\" srcset=\"https:\/\/gaq.be\/wp-content\/uploads\/2024\/07\/20-Logo-lEstampille-1-915x1024.jpg 915w, https:\/\/gaq.be\/wp-content\/uploads\/2024\/07\/20-Logo-lEstampille-1-268x300.jpg 268w, https:\/\/gaq.be\/wp-content\/uploads\/2024\/07\/20-Logo-lEstampille-1-768x859.jpg 768w, https:\/\/gaq.be\/wp-content\/uploads\/2024\/07\/20-Logo-lEstampille-1-1373x1536.jpg 1373w, https:\/\/gaq.be\/wp-content\/uploads\/2024\/07\/20-Logo-lEstampille-1-1830x2048.jpg 1830w, https:\/\/gaq.be\/wp-content\/uploads\/2024\/07\/20-Logo-lEstampille-1-600x671.jpg 600w\" sizes=\"auto, (max-width: 915px) 100vw, 915px\" \/><\/figure>\n\n\n\n<p>Situ\u00e9e au 75 de la rue de Pavie, cette galerie d\u2019art a mis\u00e9 sur la participation et la collaboration. Elle est bien plus qu\u2019une galerie, son espace est devenu un lieu de d\u00e9couvertes et d\u2019animations. Pas de style artistique impos\u00e9 mais une volont\u00e9 de communiquer sur la d\u00e9marche.&nbsp;&nbsp;&nbsp;&nbsp;La culture et l\u2019art sont des m\u00e9diums pour tisser des liens dans le quartier et offrir un art accessible autant pour les artistes que pour les visiteurs.<\/p>\n\n\n\n<p>Ni pertes, ni gains, mais une plus-value humaine et artistique.&nbsp;&nbsp;Chaque ann\u00e9e tout est analys\u00e9, sous pes\u00e9 pour que nous puissions continuer \u00e0 proposer une galerie pour les artistes, un lieu de d\u00e9couverte et de rencontre pour les gens du quartier, les membres, les amis.&nbsp;&nbsp;Nous faisons tout pour que l&#8217;Estampille reste une association dynamique qui participe \u00e0 la m\u00e9diation culturelle.&nbsp;&nbsp;Chaque \u00e9v\u00e9nement et chaque rencontre sont le reflet de notre passion commune pour l&#8217;art, les gens et la culture.&nbsp;<\/p>\n\n\n\n<p>Depuis 2012\u2026.<\/p>\n\n\n\n<p><\/p>\n\n\n\n<p class=\"has-large-font-size\"><strong>Le&nbsp;<em>Babbelsquare<\/em>&nbsp;du square Marguerite<\/strong><\/p>\n\n\n\n<figure class=\"wp-block-image size-large is-resized\"><img loading=\"lazy\" decoding=\"async\" width=\"915\" height=\"1024\" src=\"https:\/\/gaq.be\/wp-content\/uploads\/2024\/07\/image-25-915x1024.png\" alt=\"\" class=\"wp-image-12869\" style=\"width:284px;height:auto\" srcset=\"https:\/\/gaq.be\/wp-content\/uploads\/2024\/07\/image-25-915x1024.png 915w, https:\/\/gaq.be\/wp-content\/uploads\/2024\/07\/image-25-268x300.png 268w, https:\/\/gaq.be\/wp-content\/uploads\/2024\/07\/image-25-768x860.png 768w, https:\/\/gaq.be\/wp-content\/uploads\/2024\/07\/image-25-600x672.png 600w, https:\/\/gaq.be\/wp-content\/uploads\/2024\/07\/image-25.png 961w\" sizes=\"auto, (max-width: 915px) 100vw, 915px\" \/><\/figure>\n\n\n\n<p>L\u2019an dernier, le Collectif&nbsp;<em>Autour de Marguerite<\/em>&nbsp;a test\u00e9 \u00e0 la fin de l\u2019\u00e9t\u00e9 un rendez-vous hebdomadaire pour une rencontre informelle entre voisins de notre quartier.<\/p>\n\n\n\n<p>Pourquoi ce nom&nbsp;? \u00c0 Bruxelles, un&nbsp;<em>Babbeleer<\/em>&nbsp;est quelqu\u2019un qui parle volontiers. En lui ajoutant le mot square, nous inscrivons ce concept dans notre ville et plus pr\u00e9cis\u00e9ment dans notre quartier, caract\u00e9ris\u00e9 entre autres par le grand nombre de langues maternelles de ses habitants, un peu comme dans la c\u00e9l\u00e8bre Tour de Babel \u00e9voqu\u00e9e par la Gen\u00e8se.<\/p>\n\n\n\n<p>Cette initiative a eu lieu une demi-douzaine de fois en 2023, les dimanches soirs d\u2019ao\u00fbt et septembre (sauf mauvais temps). De dix \u00e0 vingt personnes se r\u00e9unissaient entre 18h et 19h30 pour \u00e9changer quelques minutes ou plus longuement autour d\u2019un verre et\/ou un snack apport\u00e9s spontan\u00e9ment par certains participants.<\/p>\n\n\n\n<p>Le&nbsp;<em>Babbelsquare<\/em>&nbsp;s\u2019inscrit dans la philosophie d\u2019<em>Autour de Marguerite,<\/em>&nbsp;dont la charte de valeurs&nbsp;entend promouvoir la convivialit\u00e9 autour du square Marguerite, notamment en favorisant les \u00e9changes entre les habitants du quartier et en encourageant le dialogue interg\u00e9n\u00e9rationnel et interculturel.<\/p>\n\n\n\n<p>Cette occupation pacifique des lieux a aussi l\u2019avantage de signaler \u00e0 toutes et tous que le passage en haut du square n\u2019est pas le terrain de \u2018jeu\u2019 exclusif de certains&nbsp;!<\/p>\n\n\n\n<p>CDB pour&nbsp;<em>Autour de Marguerite<\/em><\/p>\n\n\n\n<p><\/p>\n\n\n\n<p class=\"has-large-font-size\"><strong>Le jeu de l\u2019oie du Comit\u00e9 des habitants de la rue Luther<\/strong><\/p>\n\n\n\n<figure class=\"wp-block-image size-full is-resized\"><img loading=\"lazy\" decoding=\"async\" width=\"842\" height=\"595\" src=\"https:\/\/gaq.be\/wp-content\/uploads\/2024\/07\/image-26.png\" alt=\"\" class=\"wp-image-12884\" style=\"width:398px;height:auto\" srcset=\"https:\/\/gaq.be\/wp-content\/uploads\/2024\/07\/image-26.png 842w, https:\/\/gaq.be\/wp-content\/uploads\/2024\/07\/image-26-300x212.png 300w, https:\/\/gaq.be\/wp-content\/uploads\/2024\/07\/image-26-768x543.png 768w, https:\/\/gaq.be\/wp-content\/uploads\/2024\/07\/image-26-600x424.png 600w\" sizes=\"auto, (max-width: 842px) 100vw, 842px\" \/><\/figure>\n\n\n\n<p>Vous souhaitez d\u00e9couvrir l\u2019histoire du quartier Nord-Est de mani\u00e8re ludique ? C\u2019est possible ! Gr\u00e2ce \u00e0 un budget vot\u00e9 par le Conseil consultatif du Quartier europ\u00e9en de la Ville de Bruxelles, vous pouvez emprunter ce jeu \u00e9ducatif. Le plateau du jeu est disponible en deux formats : un puzzle de 90 cm x 60 cm ou une toile de 250 cm x 120 cm, cette derni\u00e8re pouvant \u00eatre pos\u00e9e au sol. Le jeu vous invite \u00e0 r\u00e9pondre \u00e0 200 questions bas\u00e9es sur l\u2019histoire et la g\u00e9ographie de notre quartier.&nbsp;Renseignements&nbsp;:&nbsp;&nbsp;Alain Dewez (<a href=\"mailto:alain.dewez@skynet.be\">alain.dewez@skynet.be<\/a>).<\/p>\n\n\n\n<p><\/p>\n\n\n\n<p class=\"has-large-font-size\"><strong>Green Door Gallery<\/strong><\/p>\n\n\n\n<p>La Green Door Gallery est une galerie d&#8217;art ind\u00e9pendante situ\u00e9e dans le quartier europ\u00e9en de Bruxelles, rue Murillo 21 &#8211; travaillant avec des artistes \u00e9tablis et reconnus internationalement, ainsi qu&#8217;avec des artistes \u00e9mergents et en d\u00e9but de carri\u00e8re qui sont encore en train de forger leur identit\u00e9 artistique. La galerie a \u00e9t\u00e9 inaugur\u00e9e en mars 2019. Depuis lors, elle s&#8217;est impos\u00e9e comme un p\u00f4le de cr\u00e9ativit\u00e9, d&#8217;hospitalit\u00e9 et d&#8217;expression artistique.&nbsp;<\/p>\n\n\n\n<p><a href=\"https:\/\/www.greendoorbrussels.com\/contact\">https:\/\/www.greendoorbrussels.com\/contact<\/a><\/p>\n\n\n\n<p><em>Expositions et \u00e9v\u00e9nements 2024 \/ 2025<\/em><\/p>\n\n\n\n<ul class=\"wp-block-list\">\n<li>Marianne Truffino (22 \/ 09 &#8211; 20 \/ 10 \/ 2024)<\/li>\n<\/ul>\n\n\n\n<ul class=\"wp-block-list\">\n<li>Cl\u00e9ment Martinery (24 \/ 10 &#8211; 17 \/ 11 \/ 2024)\n<ul class=\"wp-block-list\">\n<li><\/li>\n<\/ul>\n<\/li>\n\n\n\n<li>Light Hungry (exposition collective de po\u00e9sie visuelle de Laura Davis, Sylee Gore et Jules Sprake)<\/li>\n<\/ul>\n\n\n\n<p><\/p>\n\n\n\n<h2 class=\"wp-block-heading\" id=\"NL\">Nieuws van onze zusterorganisaties<\/h2>\n\n\n\n<p class=\"has-large-font-size\"><strong>L&#8217;Estampille , kunst en culturele ruimte vzw<\/strong><\/p>\n\n\n\n<p><strong>Veel meer dan een galerij&#8230;.<\/strong><\/p>\n\n\n\n<figure class=\"wp-block-image size-large is-resized\"><img loading=\"lazy\" decoding=\"async\" width=\"915\" height=\"1024\" src=\"https:\/\/gaq.be\/wp-content\/uploads\/2024\/07\/20-Logo-lEstampille-1-915x1024.jpg\" alt=\"\" class=\"wp-image-12881\" style=\"width:124px;height:auto\" srcset=\"https:\/\/gaq.be\/wp-content\/uploads\/2024\/07\/20-Logo-lEstampille-1-915x1024.jpg 915w, https:\/\/gaq.be\/wp-content\/uploads\/2024\/07\/20-Logo-lEstampille-1-268x300.jpg 268w, https:\/\/gaq.be\/wp-content\/uploads\/2024\/07\/20-Logo-lEstampille-1-768x859.jpg 768w, https:\/\/gaq.be\/wp-content\/uploads\/2024\/07\/20-Logo-lEstampille-1-1373x1536.jpg 1373w, https:\/\/gaq.be\/wp-content\/uploads\/2024\/07\/20-Logo-lEstampille-1-1830x2048.jpg 1830w, https:\/\/gaq.be\/wp-content\/uploads\/2024\/07\/20-Logo-lEstampille-1-600x671.jpg 600w\" sizes=\"auto, (max-width: 915px) 100vw, 915px\" \/><\/figure>\n\n\n\n<p>Deze kunstgalerij is gevestigd op de Paviastraat 75 en gaat over participatie en samenwerking. Het is veel meer dan een galerij, de ruimte is een plaats van ontdekking en vermaak geworden. Er is geen opgelegde artistieke stijl, alleen een verlangen om onze benadering over te brengen.&nbsp;&nbsp;&nbsp;&nbsp;Cultuur en kunst zijn manieren om banden te smeden in de buurt en kunst toegankelijk te maken voor kunstenaars en bezoekers.<\/p>\n\n\n\n<p>Er is geen winst of verlies, alleen toegevoegde menselijke en artistieke waarde.&nbsp;&nbsp;Elk jaar wordt alles geanalyseerd en afgewogen zodat we een galerij kunnen blijven bieden aan kunstenaars, een plek voor ontdekkingen en een ontmoetingsplek voor buurtbewoners, leden en vrienden.&nbsp;&nbsp;We doen er alles aan om ervoor te zorgen dat l&#8217;Estampille een dynamische vereniging blijft die een rol speelt in culturele bemiddeling.&nbsp;&nbsp;Elk evenement en elke ontmoeting weerspiegelt onze gedeelde passie voor kunst, mensen en cultuur.&nbsp;&nbsp;<\/p>\n\n\n\n<p>Sinds 2012&#8230;.<\/p>\n\n\n\n<p class=\"has-large-font-size\"><strong>Babbelsquare op<\/strong> de<strong> Margaretasquare<\/strong><\/p>\n\n\n\n<figure class=\"wp-block-image size-large is-resized\"><img loading=\"lazy\" decoding=\"async\" width=\"915\" height=\"1024\" src=\"https:\/\/gaq.be\/wp-content\/uploads\/2024\/07\/image-25-915x1024.png\" alt=\"\" class=\"wp-image-12869\" style=\"width:284px;height:auto\" srcset=\"https:\/\/gaq.be\/wp-content\/uploads\/2024\/07\/image-25-915x1024.png 915w, https:\/\/gaq.be\/wp-content\/uploads\/2024\/07\/image-25-268x300.png 268w, https:\/\/gaq.be\/wp-content\/uploads\/2024\/07\/image-25-768x860.png 768w, https:\/\/gaq.be\/wp-content\/uploads\/2024\/07\/image-25-600x672.png 600w, https:\/\/gaq.be\/wp-content\/uploads\/2024\/07\/image-25.png 961w\" sizes=\"auto, (max-width: 915px) 100vw, 915px\" \/><\/figure>\n\n\n\n<p>Vorig jaar, aan het einde van de zomer, testte het Collectif Autour de Marguerite een wekelijkse bijeenkomst uit om bewoners in onze buurt toe te laten elkaar informeel te ontmoeten. Waarom de naam Babbelsquare? In Brussel is een Babbeleer iemand die veel praat. Door er het woord \u201csquare\u201d aan toe te voegen, maken we dit concept deel van onze stad en meer bepaald van onze wijk. Onze wijk wordt ook gekenmerkt door het grote aantal moedertalen dat door de bewoners wordt gesproken, een beetje zoals op de beroemde Toren van Babel in Genesis. Dit initiatief vond zes keer plaats in 2023, op zondagavonden in augustus en september (slecht weer uitgezonderd). Tussen tien en twintig mensen kwamen tussen 18.00 en 19.30 uur samen om enkele minuten of langer bij te praten onder het genot van een drankje en\/of een hapje, spontaan meegebracht door sommige deelnemers.<\/p>\n\n\n\n<p>Babbelsquare past in de filosofie van Autour de Marguerite, waarvan het waardencharter de gezelligheid rond de Margaretasquare wil bevorderen, met name door uitwisselingen tussen buurtbewoners aan te moedigen en de intergenerationele en interculturele dialoog te stimuleren. Deze vreedzame bezetting van de square heeft ook het voordeel dat iedereen kan zien dat de doorgang bovenaan het plein niet het exclusieve &#8216;speelterrein&#8217; van sommigen is!<\/p>\n\n\n\n<p>CDB voor Autour de Marguerite (https:\/\/autourdemarguerite.org)<\/p>\n\n\n\n<p class=\"has-large-font-size\"><strong>Het ganzenspel van het bewonerscomit\u00e9 Lutherstraat<\/strong><\/p>\n\n\n\n<figure class=\"wp-block-image size-full is-resized\"><img loading=\"lazy\" decoding=\"async\" width=\"842\" height=\"595\" src=\"https:\/\/gaq.be\/wp-content\/uploads\/2024\/07\/image-26.png\" alt=\"\" class=\"wp-image-12884\" style=\"width:398px;height:auto\" srcset=\"https:\/\/gaq.be\/wp-content\/uploads\/2024\/07\/image-26.png 842w, https:\/\/gaq.be\/wp-content\/uploads\/2024\/07\/image-26-300x212.png 300w, https:\/\/gaq.be\/wp-content\/uploads\/2024\/07\/image-26-768x543.png 768w, https:\/\/gaq.be\/wp-content\/uploads\/2024\/07\/image-26-600x424.png 600w\" sizes=\"auto, (max-width: 842px) 100vw, 842px\" \/><\/figure>\n\n\n\n<p>Wil je op een leuke manier de geschiedenis van de Noord-oostwijk van Brussel ontdekken? Dat kan nu! Dankzij een budget van de burgerbegroting dat werd goedgekeurd door de Burgerraad van Europese Wijk van de Stad Brussel, kun je dit educatieve spel lenen. Het spelbord is beschikbaar in twee formaten: een puzzel van 90 cm x 60 cm of een doek van 250 cm x 120 cm dat op de grond kan worden geplaatst. Het spel nodigt je uit om 200 vragen te beantwoorden die gebaseerd zijn op de geschiedenis en de geografie van onze wijk.&nbsp;<\/p>\n\n\n\n<p>Neem voor meer informatie contact op met&nbsp;&nbsp;Alain Dewez (alain.dewez@skynet.be).<\/p>\n\n\n\n<p class=\"has-large-font-size\"><strong>Heb je de Green Door Gallery al gezien?<\/strong><\/p>\n\n\n\n<p>The Green Door Gallery is een onafhankelijke kunstgalerij in de Europese wijk van Brussel aan de Murillostraat 21 &#8211; ze werkt met gevestigde, internationaal erkende kunstenaars, maar ook met opkomende en beginnende kunstenaars die hun artistieke identiteit nog aan het ontwikkelen zijn. De galerij werd ingehuldigd in maart 2019. Sindsdien heeft ze zich bevestigd als een plaats van creativiteit, gastvrijheid en artistieke expressie.&nbsp;<\/p>\n\n\n\n<p><a href=\"https:\/\/www.greendoorbrussels.com\/contact\">https:\/\/www.greendoorbrussels.com\/contact<\/a><\/p>\n\n\n\n<p><em>Tentoonstellingen en evenementen 2024 \/ 2025<\/em><\/p>\n\n\n\n<ul class=\"wp-block-list\">\n<li>Marianne Truffino (22 \/ 09 &#8211; 20 \/ 10 \/ 2024)<\/li>\n<\/ul>\n\n\n\n<ul class=\"wp-block-list\">\n<li>Cl\u00e9ment Martinery (24 \/ 10 &#8211; 17 \/ 11 \/ 2024)<\/li>\n<\/ul>\n\n\n\n<ul class=\"wp-block-list\">\n<li>Light Hungry (groepstentoonstelling visuele po\u00ebzie door Laura Davis, Sylee Gore en Jules Sprake)<\/li>\n<\/ul>\n\n\n\n<p><\/p>\n\n\n\n<h2 class=\"wp-block-heading\" id=\"EN\">News from our Sister Associations<\/h2>\n\n\n\n<p class=\"has-large-font-size\"><strong>L&#8217;Estampille asbl, art and cultural space&nbsp;<\/strong><\/p>\n\n\n\n<p><strong>Much more than a gallery&#8230;.<\/strong><\/p>\n\n\n\n<figure class=\"wp-block-image size-large is-resized\"><img loading=\"lazy\" decoding=\"async\" width=\"915\" height=\"1024\" src=\"https:\/\/gaq.be\/wp-content\/uploads\/2024\/07\/20-Logo-lEstampille-1-915x1024.jpg\" alt=\"\" class=\"wp-image-12881\" style=\"width:124px;height:auto\" srcset=\"https:\/\/gaq.be\/wp-content\/uploads\/2024\/07\/20-Logo-lEstampille-1-915x1024.jpg 915w, https:\/\/gaq.be\/wp-content\/uploads\/2024\/07\/20-Logo-lEstampille-1-268x300.jpg 268w, https:\/\/gaq.be\/wp-content\/uploads\/2024\/07\/20-Logo-lEstampille-1-768x859.jpg 768w, https:\/\/gaq.be\/wp-content\/uploads\/2024\/07\/20-Logo-lEstampille-1-1373x1536.jpg 1373w, https:\/\/gaq.be\/wp-content\/uploads\/2024\/07\/20-Logo-lEstampille-1-1830x2048.jpg 1830w, https:\/\/gaq.be\/wp-content\/uploads\/2024\/07\/20-Logo-lEstampille-1-600x671.jpg 600w\" sizes=\"auto, (max-width: 915px) 100vw, 915px\" \/><\/figure>\n\n\n\n<p>Located at 75 rue de Pavie, this art gallery is all about participation and collaboration. It&#8217;s much more than just a gallery, its space has become a place of discovery and entertainment. There&#8217;s no imposed artistic style, just a desire to communicate our approach.&nbsp;&nbsp;&nbsp;&nbsp;Culture and art are ways of forging links in the neighbourhood and making art accessible to artists and visitors alike.<\/p>\n\n\n\n<p>There are no gains or losses, just added human and artistic value.&nbsp;&nbsp;Every year, the gallery team analyses and weighes everything up so that we can continue to offer a gallery for artists, a place for discovery and a meeting place for local people, members and friends.&nbsp;&nbsp;We do everything we can to ensure that l&#8217;Estampille remains a dynamic association that contributes to cultural mediation.&nbsp;&nbsp;Every event and every meeting reflects our shared passion for art, people and culture.&nbsp;&nbsp;<\/p>\n\n\n\n<p>Since 2012&#8230;.<\/p>\n\n\n\n<p class=\"has-large-font-size\"><strong>Babbelsquare in Marguerite Square<\/strong><\/p>\n\n\n\n<figure class=\"wp-block-image size-large is-resized\"><img loading=\"lazy\" decoding=\"async\" width=\"915\" height=\"1024\" src=\"https:\/\/gaq.be\/wp-content\/uploads\/2024\/07\/image-25-915x1024.png\" alt=\"\" class=\"wp-image-12869\" style=\"width:284px;height:auto\" srcset=\"https:\/\/gaq.be\/wp-content\/uploads\/2024\/07\/image-25-915x1024.png 915w, https:\/\/gaq.be\/wp-content\/uploads\/2024\/07\/image-25-268x300.png 268w, https:\/\/gaq.be\/wp-content\/uploads\/2024\/07\/image-25-768x860.png 768w, https:\/\/gaq.be\/wp-content\/uploads\/2024\/07\/image-25-600x672.png 600w, https:\/\/gaq.be\/wp-content\/uploads\/2024\/07\/image-25.png 961w\" sizes=\"auto, (max-width: 915px) 100vw, 915px\" \/><\/figure>\n\n\n\n<p>Last year, at the end of the summer, the Collectif Autour de Marguerite tried out a weekly get-together for informal meetings between neighbours in our neighbourhood. Why this name? In Brussels, a Babbeleer is someone who talks a lot. By adding the word \u2018square\u2019 to it, we&#8217;re making this concept part of our city and, more specifically, part of our neighbourhood, which is characterised by the large number of mother tongues spoken by its residents, rather like the famous Tower of Babel in Genesis. This initiative took place half a dozen times in 2023, on Sunday evenings in August and September (barring bad weather). Between ten and twenty people met between 6pm and 7.30pm to chat for a few minutes or longer over a drink and\/or a snack brought spontaneously by some of the participants.<\/p>\n\n\n\n<p>Babbelsquare is in keeping with the philosophy of Autour de Marguerite, whose charter of values aims to promote conviviality around Marguerite Square, in particular by encouraging exchanges between local residents and fostering intergenerational and intercultural dialogue. This peaceful occupation of the space also has the advantage of showing everyone that the passageway at the top of the square is not the exclusive \u2018playground\u2019 of some!&nbsp;<\/p>\n\n\n\n<p>CDB for Autour de Marguerite (<a href=\"https:\/\/autourdemarguerite.org\/\">https:\/\/autourdemarguerite.org<\/a>)<\/p>\n\n\n\n<p class=\"has-large-font-size\"><strong>The Goose Game of Luther Street Residents&#8217; Committee&nbsp;<\/strong><\/p>\n\n\n\n<figure class=\"wp-block-image size-full is-resized\"><img loading=\"lazy\" decoding=\"async\" width=\"842\" height=\"595\" src=\"https:\/\/gaq.be\/wp-content\/uploads\/2024\/07\/image-26.png\" alt=\"\" class=\"wp-image-12884\" style=\"width:398px;height:auto\" srcset=\"https:\/\/gaq.be\/wp-content\/uploads\/2024\/07\/image-26.png 842w, https:\/\/gaq.be\/wp-content\/uploads\/2024\/07\/image-26-300x212.png 300w, https:\/\/gaq.be\/wp-content\/uploads\/2024\/07\/image-26-768x543.png 768w, https:\/\/gaq.be\/wp-content\/uploads\/2024\/07\/image-26-600x424.png 600w\" sizes=\"auto, (max-width: 842px) 100vw, 842px\" \/><\/figure>\n\n\n\n<p>Would you like to discover the history of the North-East district of the city of Brussels in a fun way? Now you can! Thanks to a budget voted by the City of Brussels&#8217; European Quarter Advisory Council, you can borrow this educational game. The game board is available in two formats: a 90 cm x 60 cm jigsaw puzzle or a 250 cm x 120 cm canvas, which can be placed on the floor. The game invites you to answer 200 questions based on the history and geography of our district.&nbsp;<\/p>\n\n\n\n<p>For more information : Alain Dewez (<a href=\"mailto:alain.dewez@skynet.be\">alain.dewez@skynet.be<\/a>).<\/p>\n\n\n\n<p class=\"has-large-font-size\"><strong>Have you seen the Green Door Gallery<\/strong>&nbsp;<strong><\/strong><\/p>\n\n\n\n<p>The Green Door Gallery is an independent art gallery in the European Quarter of Brussels at rue Murillo 21 &#8211; working with established, internationally recognised artists, as well as emerging and early-career artists who are still forging their artistic identity. The gallery was inaugurated in March 2019. Since then it has established itself as a hub of creativity, hospitality and artistic expression.&nbsp;<br><br>https:\/\/www.greendoorbrussels.com\/contact<\/p>\n\n\n\n<p><strong><em>Exhibitions &amp; Events 2024 \/ 2025\u200b<\/em><\/strong><\/p>\n\n\n\n<ul class=\"wp-block-list\">\n<li><a href=\"https:\/\/www.instagram.com\/marieannetruffino\/\" target=\"_blank\" rel=\"noreferrer noopener\">Marianne Truffino<\/a>&nbsp;(22 \/ 09 &#8211; 20 \/ 10 \/ 2024)<\/li>\n<\/ul>\n\n\n\n<ul class=\"wp-block-list\">\n<li>Cl\u00e9ment Martinery&nbsp;(24 \/ 10 &#8211; 17 \/ 11 \/ 2024)<\/li>\n<\/ul>\n\n\n\n<ul class=\"wp-block-list\">\n<li>Light Hungry&nbsp;(Visual Poetry collaborative group exhibition by Laura Davis, Sylee Gore and Jules Sprake)<\/li>\n<\/ul>\n\n\n\n<p class=\"has-text-align-center\"><a href=\"https:\/\/gaq.be\/iq2024\/\"><mark style=\"background-color:#57EAC2\" class=\"has-inline-color has-contrast-color\">Retour \u00e0 l&#8217;aper\u00e7u &#8211; Return to overview &#8211; Terug naar overzicht<\/mark><\/a><\/p>\n","protected":false},"excerpt":{"rendered":"<p>L\u2019Estampille, galerie d\u2019art et espace culturelle asbl Bien plus qu\u2019une galerie\u2026. Situ\u00e9e au 75 de la rue de Pavie, cette galerie d\u2019art a mis\u00e9 sur la participation et la collaboration. [&hellip;]<\/p>\n","protected":false},"author":2025,"featured_media":0,"parent":0,"menu_order":0,"comment_status":"closed","ping_status":"closed","template":"","meta":{"_EventAllDay":false,"_EventTimezone":"","_EventStartDate":"","_EventEndDate":"","_EventStartDateUTC":"","_EventEndDateUTC":"","_EventShowMap":false,"_EventShowMapLink":false,"_EventURL":"","_EventCost":"","_EventCostDescription":"","_EventCurrencySymbol":"","_EventCurrencyCode":"","_EventCurrencyPosition":"","_EventDateTimeSeparator":"","_EventTimeRangeSeparator":"","_EventOrganizerID":[],"_EventVenueID":[],"_OrganizerEmail":"","_OrganizerPhone":"","_OrganizerWebsite":"","_VenueAddress":"","_VenueCity":"","_VenueCountry":"","_VenueProvince":"","_VenueState":"","_VenueZip":"","_VenuePhone":"","_VenueURL":"","_VenueStateProvince":"","_VenueLat":"","_VenueLng":"","_VenueShowMap":false,"_VenueShowMapLink":false,"footnotes":""},"categories":[230],"tags":[],"class_list":["post-12481","page","type-page","status-publish","hentry","category-infor-quartier"],"_links":{"self":[{"href":"https:\/\/gaq.be\/nl\/wp-json\/wp\/v2\/pages\/12481","targetHints":{"allow":["GET"]}}],"collection":[{"href":"https:\/\/gaq.be\/nl\/wp-json\/wp\/v2\/pages"}],"about":[{"href":"https:\/\/gaq.be\/nl\/wp-json\/wp\/v2\/types\/page"}],"author":[{"embeddable":true,"href":"https:\/\/gaq.be\/nl\/wp-json\/wp\/v2\/users\/2025"}],"replies":[{"embeddable":true,"href":"https:\/\/gaq.be\/nl\/wp-json\/wp\/v2\/comments?post=12481"}],"version-history":[{"count":12,"href":"https:\/\/gaq.be\/nl\/wp-json\/wp\/v2\/pages\/12481\/revisions"}],"predecessor-version":[{"id":12896,"href":"https:\/\/gaq.be\/nl\/wp-json\/wp\/v2\/pages\/12481\/revisions\/12896"}],"wp:attachment":[{"href":"https:\/\/gaq.be\/nl\/wp-json\/wp\/v2\/media?parent=12481"}],"wp:term":[{"taxonomy":"category","embeddable":true,"href":"https:\/\/gaq.be\/nl\/wp-json\/wp\/v2\/categories?post=12481"},{"taxonomy":"post_tag","embeddable":true,"href":"https:\/\/gaq.be\/nl\/wp-json\/wp\/v2\/tags?post=12481"}],"curies":[{"name":"wp","href":"https:\/\/api.w.org\/{rel}","templated":true}]}}