{"id":9548,"date":"2023-09-08T11:04:33","date_gmt":"2023-09-08T09:04:33","guid":{"rendered":"http:\/\/gaq.be\/?page_id=9548"},"modified":"2023-09-14T07:31:04","modified_gmt":"2023-09-14T05:31:04","slug":"newsletter","status":"publish","type":"page","link":"https:\/\/gaq.be\/nl\/newsletter\/","title":{"rendered":"Newsletter"},"content":{"rendered":"\n<p>Inscrivez-vous \u00e0 notre newsletter (les membres du GAQ le re\u00e7oivent automatiquement).<br>Abonneer u op onze nieuwsbrief (GAQ-leden ontvangen deze automatisch).<br>Subscribe to our newsletter (GAQ members receive it automatically).<\/p>\n\n\n\n<p>Veuillez cliquer sur <a rel=\"noreferrer noopener\" href=\"http:\/\/eepurl.com\/dv2g35\" target=\"_blank\">ce lien <\/a>pour saisir vos donn\u00e9es o remplissez le formulaire.<br>Klik op <a rel=\"noreferrer noopener\" href=\"http:\/\/eepurl.com\/dv2g35\" target=\"_blank\">deze link <\/a>om uw gegevens in te voeren.<br>Please click on <a rel=\"noreferrer noopener\" href=\"http:\/\/eepurl.com\/dv2g35\" target=\"_blank\">this link <\/a>to enter your data.<\/p>\n\n\n\n<figure class=\"wp-block-image aligncenter size-thumbnail\"><img loading=\"lazy\" decoding=\"async\" width=\"150\" height=\"150\" src=\"http:\/\/gaq.be\/wp-content\/uploads\/2022\/12\/GAQ-Newsletter-QR-150x150.png\" alt=\"\" class=\"wp-image-7433\" srcset=\"https:\/\/gaq.be\/wp-content\/uploads\/2022\/12\/GAQ-Newsletter-QR-150x150.png 150w, https:\/\/gaq.be\/wp-content\/uploads\/2022\/12\/GAQ-Newsletter-QR-300x300.png 300w, https:\/\/gaq.be\/wp-content\/uploads\/2022\/12\/GAQ-Newsletter-QR-100x100.png 100w, https:\/\/gaq.be\/wp-content\/uploads\/2022\/12\/GAQ-Newsletter-QR-200x200.png 200w, https:\/\/gaq.be\/wp-content\/uploads\/2022\/12\/GAQ-Newsletter-QR-400x400.png 400w, https:\/\/gaq.be\/wp-content\/uploads\/2022\/12\/GAQ-Newsletter-QR.png 528w\" sizes=\"auto, (max-width: 150px) 100vw, 150px\" \/><figcaption class=\"wp-element-caption\">QR lien \/ link<\/figcaption><\/figure>\n\n\n\n<div class=\"wp-block-group alignfull has-global-padding is-layout-constrained wp-block-group-is-layout-constrained\">\n<div class=\"wp-block-group is-style-group-blue-shadow-up has-global-padding is-layout-constrained wp-container-core-group-is-layout-7db9d80f wp-block-group-is-layout-constrained\" style=\"padding-right:0;padding-left:0\">\n<div id=\"mc_embed_shell\">\n      <link href=\"\/\/cdn-images.mailchimp.com\/embedcode\/classic-061523.css\" rel=\"stylesheet\" type=\"text\/css\">\n<style>\n#mc-embedded-subscribe-form input[type=checkbox]{display: inline; width: auto;margin-right: 10px;}\n#mergeRow-gdpr {margin-top: 20px;}\n#mergeRow-gdpr fieldset label {font-weight: normal;}\n#mc-embedded-subscribe-form .mc_fieldset{border:none;min-height: 0px;padding-bottom:0px;} \n<\/style>\n<div id=\"mc_embed_signup\">\n    <form action=\"https:\/\/gaq.us8.list-manage.com\/subscribe\/post?u=8e22f949edc0b4c7f170227e0&amp;id=af836771bd&amp;v_id=3551&amp;f_id=00000fe0f0\" method=\"post\" id=\"mc-embedded-subscribe-form\" name=\"mc-embedded-subscribe-form\" class=\"validate\" target=\"_blank\">\n        <div id=\"mc_embed_signup_scroll\"><h2>Subscribe<\/h2>\n            <div class=\"indicates-required\"><span class=\"asterisk\">*<\/span> indicates required<\/div>\n            <div class=\"mc-field-group\"><label for=\"mce-EMAIL\">Email <span class=\"asterisk\">*<\/span><\/label><input type=\"email\" name=\"EMAIL\" class=\"required email\" id=\"mce-EMAIL\" required=\"\" value=\"\"><\/div><div id=\"mergeRow-gdpr\" class=\"mergeRow gdpr-mergeRow content__gdprBlock mc-field-group\"><div class=\"content__gdpr\"><label>Permission<\/label><p>GAQ asbl utilisera les informations que vous fournissez sur ce formulaire pour prendre contact avec vous. Veuillez confirmer en s\u00e9lectionnant &#8216;Email&#8217; ci-dessous.\n\/\/\nGAQ asbl will use the information you provide on this form to be in touch with you. Please confirm by selecting &#8216;Email&#8217; below.<\/p><fieldset class=\"mc_fieldset gdprRequired mc-field-group\" name=\"interestgroup_field\"><label class=\"checkbox subfield\" for=\"gdpr3489\"><input type=\"checkbox\" id=\"gdpr_3489\" name=\"gdpr[3489]\" class=\"gdpr\" value=\"Y\"><span>Email<\/span><\/label><\/fieldset><p>Vous pouvez changer d&#8217;avis \u00e0 tout moment en cliquant sur le lien de d\u00e9sabonnement figurant dans le pied de page de tout courriel que vous recevez de notre part, ou en nous contactant \u00e0 l&#8217;adresse ca@gaq.be. Nous traiterons vos informations avec respect. Pour plus d&#8217;informations sur nos pratiques en mati\u00e8re de confidentialit\u00e9, veuillez consulter notre site web. En cliquant ci-dessous, vous acceptez que nous traitions vos informations conform\u00e9ment aux pr\u00e9sentes conditions.\n\/\/\nYou can change your mind at any time by clicking the unsubscribe link in the footer of any email you receive from us, or by contacting us at ca@gaq.be. We will treat your information with respect. For more information about our privacy practices please visit our website. By clicking below, you agree that we may process your information in accordance with these terms.<\/p><\/div><div class=\"content__gdprLegal\"><p>We use Mailchimp as our marketing platform. By clicking below to subscribe, you acknowledge that your information will be transferred to Mailchimp for processing. <a href=\"https:\/\/mailchimp.com\/legal\/terms\">Learn more<\/a> about Mailchimp&#8217;s privacy practices.<\/p><\/div><\/div>\n        <div id=\"mce-responses\" class=\"clear foot\">\n            <div class=\"response\" id=\"mce-error-response\" style=\"display: none;\"><\/div>\n            <div class=\"response\" id=\"mce-success-response\" style=\"display: none;\"><\/div>\n        <\/div>\n    <div aria-hidden=\"true\" style=\"position: absolute; left: -5000px;\">\n        \/* real people should not fill this in and expect good things &#8211; do not remove this or risk form bot signups *\/\n        <input type=\"text\" name=\"b_8e22f949edc0b4c7f170227e0_af836771bd\" tabindex=\"-1\" value=\"\">\n    <\/div>\n        <div class=\"optionalParent\">\n            <div class=\"clear foot\">\n                <input type=\"submit\" name=\"subscribe\" id=\"mc-embedded-subscribe\" class=\"button\" value=\"Subscribe\">\n                <p style=\"margin: 0px auto;\"><a href=\"http:\/\/eepurl.com\/ifGU3j\" title=\"Mailchimp - email marketing made easy and fun\"><span style=\"display: inline-block; background-color: transparent; border-radius: 4px;\"><img decoding=\"async\" class=\"refferal_badge\" src=\"https:\/\/digitalasset.intuit.com\/render\/content\/dam\/intuit\/mc-fe\/en_us\/images\/intuit-mc-rewards-text-dark.svg\" alt=\"Intuit Mailchimp\" style=\"width: 220px; height: 40px; display: flex; padding: 2px 0px; justify-content: center; align-items: center;\"><\/span><\/a><\/p>\n            <\/div>\n        <\/div>\n    <\/div>\n<\/form>\n<\/div>\n<script type=\"text\/javascript\" src=\"\/\/s3.amazonaws.com\/downloads.mailchimp.com\/js\/mc-validate.js\"><\/script><script type=\"text\/javascript\">(function($) {window.fnames = new Array(); window.ftypes = new Array();fnames[0]='EMAIL';ftypes[0]='email';fnames[1]='FNAME';ftypes[1]='text';fnames[2]='LNAME';ftypes[2]='text';fnames[9]='USER_LOGIN';ftypes[9]='text';fnames[3]='STREET';ftypes[3]='text';fnames[8]='NUMBER';ftypes[8]='text';fnames[4]='GAQSTATUS';ftypes[4]='text';fnames[5]='PAYAMOUNT';ftypes[5]='text';fnames[6]='PAYDATE';ftypes[6]='text';fnames[7]='NOTES';ftypes[7]='text';fnames[11]='ADHESION';ftypes[11]='text';fnames[12]='INTEREST';ftypes[12]='text';}(jQuery));var $mcj = jQuery.noConflict(true);<\/script><\/div>\n<\/div>\n<\/div>\n","protected":false},"excerpt":{"rendered":"<p>Inscrivez-vous \u00e0 notre newsletter (les membres du GAQ le re\u00e7oivent automatiquement).Abonneer u op onze nieuwsbrief (GAQ-leden ontvangen deze automatisch).Subscribe to our newsletter (GAQ members receive it automatically). Veuillez cliquer sur [&hellip;]<\/p>\n","protected":false},"author":2031,"featured_media":0,"parent":0,"menu_order":0,"comment_status":"closed","ping_status":"closed","template":"","meta":{"_EventAllDay":false,"_EventTimezone":"","_EventStartDate":"","_EventEndDate":"","_EventStartDateUTC":"","_EventEndDateUTC":"","_EventShowMap":false,"_EventShowMapLink":false,"_EventURL":"","_EventCost":"","_EventCostDescription":"","_EventCurrencySymbol":"","_EventCurrencyCode":"","_EventCurrencyPosition":"","_EventDateTimeSeparator":"","_EventTimeRangeSeparator":"","_EventOrganizerID":[],"_EventVenueID":[],"_OrganizerEmail":"","_OrganizerPhone":"","_OrganizerWebsite":"","_VenueAddress":"","_VenueCity":"","_VenueCountry":"","_VenueProvince":"","_VenueState":"","_VenueZip":"","_VenuePhone":"","_VenueURL":"","_VenueStateProvince":"","_VenueLat":"","_VenueLng":"","_VenueShowMap":false,"_VenueShowMapLink":false,"footnotes":""},"categories":[],"tags":[],"class_list":["post-9548","page","type-page","status-publish","hentry"],"_links":{"self":[{"href":"https:\/\/gaq.be\/nl\/wp-json\/wp\/v2\/pages\/9548","targetHints":{"allow":["GET"]}}],"collection":[{"href":"https:\/\/gaq.be\/nl\/wp-json\/wp\/v2\/pages"}],"about":[{"href":"https:\/\/gaq.be\/nl\/wp-json\/wp\/v2\/types\/page"}],"author":[{"embeddable":true,"href":"https:\/\/gaq.be\/nl\/wp-json\/wp\/v2\/users\/2031"}],"replies":[{"embeddable":true,"href":"https:\/\/gaq.be\/nl\/wp-json\/wp\/v2\/comments?post=9548"}],"version-history":[{"count":22,"href":"https:\/\/gaq.be\/nl\/wp-json\/wp\/v2\/pages\/9548\/revisions"}],"predecessor-version":[{"id":9987,"href":"https:\/\/gaq.be\/nl\/wp-json\/wp\/v2\/pages\/9548\/revisions\/9987"}],"wp:attachment":[{"href":"https:\/\/gaq.be\/nl\/wp-json\/wp\/v2\/media?parent=9548"}],"wp:term":[{"taxonomy":"category","embeddable":true,"href":"https:\/\/gaq.be\/nl\/wp-json\/wp\/v2\/categories?post=9548"},{"taxonomy":"post_tag","embeddable":true,"href":"https:\/\/gaq.be\/nl\/wp-json\/wp\/v2\/tags?post=9548"}],"curies":[{"name":"wp","href":"https:\/\/api.w.org\/{rel}","templated":true}]}}