{"id":9867,"date":"2023-07-24T21:49:56","date_gmt":"2023-07-24T19:49:56","guid":{"rendered":"http:\/\/gaq.be\/projets-en-cours\/"},"modified":"2024-04-15T15:42:48","modified_gmt":"2024-04-15T13:42:48","slug":"dossiers-en-cours","status":"publish","type":"page","link":"https:\/\/gaq.be\/nl\/dossiers-en-cours\/","title":{"rendered":"Huidige gevallen"},"content":{"rendered":"\n<div class=\"wp-block-group alignwide is-style-group-blue-shadow-down is-layout-flow wp-block-group-is-layout-flow\" style=\"margin-top:var(--wp--preset--spacing--30);margin-bottom:var(--wp--preset--spacing--40);padding-top:0;padding-bottom:0\">\n<p class=\"has-gaq-green-background-color has-background\">Klik op dossier voor informatie over lopende projecten<\/p>\n<\/div>\n\n\n\n<div class=\"wp-block-group alignfull is-layout-flow wp-block-group-is-layout-flow\" style=\"padding-top:0;padding-bottom:var(--wp--preset--spacing--50)\"><div class=\"alignfull is-style-prj-green-blue wp-block-gaq-projects\" >\n    <p class=\"projects__not-found\">Aucun dossier n&#8217;a \u00e9t\u00e9 trouv\u00e9<\/p>\n    <\/div>\n<\/div>\n\n\n\n<div class=\"wp-block-group alignfull has-gaq-blue-background-color has-background has-global-padding is-layout-constrained wp-container-core-group-is-layout-f7c6bd2f wp-block-group-is-layout-constrained\" style=\"padding-top:var(--wp--preset--spacing--50);padding-right:0;padding-bottom:var(--wp--preset--spacing--50);padding-left:0\">\n<h2 class=\"wp-block-heading has-text-align-center has-base-color has-text-color\">Onze laatst voltooide projecten<\/h2>\n\n\n<div class=\"alignfull is-style-prj-green-white wp-block-gaq-projects\" >\n    <ul class=\"projects__container\">\n            <li class=\"project-item\">\n            <div class=\"project-item__content\">\n                <div class=\"project-item__content-body\">\n                    <h3 class=\"project-item__title\">Gesprekken met buurtwoners<\/h3> \n                    <p class=\"project-item__categories\">\n                        <span class=\"project-category \">Cadre de vie<\/span><span class=\"project-category \">Leefomgeving<\/span><span class=\"project-category \">Varia<\/span>                    <\/p>\n                    <p class=\"project-item__excerpt\"><\/p>\n                <\/div>\n                <div class=\"project-item__content-footer\">\n                    <a href=\"https:\/\/gaq.be\/nl\/projet\/gesprekken-met-buurtwoners\/\" class=\"card-btn__green\">Meer<\/a>\n                                                <a href=\"\/contact?gaq_prj_slug=gesprekken-met-buurtwoners#join-work-group\" class=\"card-btn__link\">Aansluiten<\/a>\n                                            <\/div>\n            <\/div>\n        <\/li>\n        <\/ul>\n    <\/div>\n\n\n\n<div class=\"wp-block-buttons is-content-justification-center is-layout-flex wp-container-core-buttons-is-layout-a89b3969 wp-block-buttons-is-layout-flex\">\n<div class=\"wp-block-button is-style-btn--green is-style-btn__green-white\"><a class=\"wp-block-button__link has-text-align-center wp-element-button\" href=\"https:\/\/gaq.be\/nl\/dossiers-clotures\/\">Alle voltooide gesloten bestanden<\/a><\/div>\n<\/div>\n<\/div>\n\n\n\n<div class=\"wp-block-group alignfull has-base-background-color has-background has-global-padding is-layout-constrained wp-container-core-group-is-layout-b1182ca2 wp-block-group-is-layout-constrained\" style=\"padding-top:var(--wp--preset--spacing--40);padding-bottom:var(--wp--preset--spacing--40)\">\n<h2 class=\"wp-block-heading has-text-align-center has-qag-blue-color has-text-color\"><strong>Van de blog<\/strong><\/h2>\n\n\n<div class=\"alignfull is-style-posts-green wp-block-gaq-posts\" >    <ul class=\"posts__container\">\n        <li class=\"post-item\">\n        <a href=\"https:\/\/gaq.be\/nl\/sondage-proprete-et-environnement\/\">\n            <div class=\"post-item__image\">\n                <img loading=\"lazy\" decoding=\"async\" width=\"500\" height=\"124\" src=\"https:\/\/gaq.be\/wp-content\/uploads\/2025\/05\/enquete-environnement.png\" class=\"attachment-13859 size-13859 wp-post-image\" alt=\"\" post-thumbnail=\"\" srcset=\"https:\/\/gaq.be\/wp-content\/uploads\/2025\/05\/enquete-environnement.png 500w, https:\/\/gaq.be\/wp-content\/uploads\/2025\/05\/enquete-environnement-300x74.png 300w\" sizes=\"auto, (max-width: 500px) 100vw, 500px\" \/>            <\/div>\n            <div class=\"post-item__content\">\n                <div class=\"post-item__content-body\">\n                    <h3 class=\"post-item__title\">Enqu\u00eate over netheid en milieu<\/h3> \n                    <p class=\"post-item__date\">13 mei 2025<\/p>\n                    <p class=\"post-item__excerpt\">Beste leden en vrienden van de GAQWe willen uw mening horen! We hebben een enqu\u00eate over netheid en milieu opgesteld voor de bewoners en de bezoekers van onze wijk Dit [&hellip;]<\/p>\n                <\/div>\n                <p class=\"post-item__categories\">\n                    <span class=\"post-category post-category__icon sector__living-env-dark-green \">Cadre de vie<\/span><span class=\"post-category \">Leefomgeving<\/span>                <\/p>\n            <\/div>\n        <\/a>\n    <\/li>\n        <li class=\"post-item\">\n        <a href=\"https:\/\/gaq.be\/nl\/foire-art-nouveau-art-deco\/\">\n            <div class=\"post-item__image\">\n                <img loading=\"lazy\" decoding=\"async\" width=\"960\" height=\"1943\" src=\"https:\/\/gaq.be\/wp-content\/uploads\/2025\/03\/Flyer-recto.jpg\" class=\"attachment-13677 size-13677 wp-post-image\" alt=\"\" post-thumbnail=\"\" srcset=\"https:\/\/gaq.be\/wp-content\/uploads\/2025\/03\/Flyer-recto.jpg 960w, https:\/\/gaq.be\/wp-content\/uploads\/2025\/03\/Flyer-recto-148x300.jpg 148w, https:\/\/gaq.be\/wp-content\/uploads\/2025\/03\/Flyer-recto-506x1024.jpg 506w, https:\/\/gaq.be\/wp-content\/uploads\/2025\/03\/Flyer-recto-768x1554.jpg 768w, https:\/\/gaq.be\/wp-content\/uploads\/2025\/03\/Flyer-recto-759x1536.jpg 759w, https:\/\/gaq.be\/wp-content\/uploads\/2025\/03\/Flyer-recto-600x1214.jpg 600w\" sizes=\"auto, (max-width: 960px) 100vw, 960px\" \/>            <\/div>\n            <div class=\"post-item__content\">\n                <div class=\"post-item__content-body\">\n                    <h3 class=\"post-item__title\">Foire Art Nouveau &amp; Art D\u00e9co<\/h3> \n                    <p class=\"post-item__date\">28 maart 2025<\/p>\n                    <p class=\"post-item__excerpt\">Dit weekend vindt het Salon des Restaurateurs plaats Waar: Roodebeeklaan 103, 1030 Brussel Wanneer: van 12u op 29 maart tot 18u op 30 maart<\/p>\n                <\/div>\n                <p class=\"post-item__categories\">\n                    <span class=\"post-category post-category__icon sector__divers-dark-green \">Divers<\/span><span class=\"post-category \">Varia<\/span>                <\/p>\n            <\/div>\n        <\/a>\n    <\/li>\n        <li class=\"post-item\">\n        <a href=\"https:\/\/gaq.be\/nl\/reunion-mensuelle-le-11-mars-2025-a-20-he\/\">\n            <div class=\"post-item__image\">\n                <img loading=\"lazy\" decoding=\"async\" width=\"3021\" height=\"2781\" src=\"https:\/\/gaq.be\/wp-content\/uploads\/2024\/07\/image-18.png\" class=\"attachment-13613 size-13613 wp-post-image\" alt=\"\" post-thumbnail=\"\" srcset=\"https:\/\/gaq.be\/wp-content\/uploads\/2024\/07\/image-18.png 3021w, https:\/\/gaq.be\/wp-content\/uploads\/2024\/07\/image-18-300x276.png 300w, https:\/\/gaq.be\/wp-content\/uploads\/2024\/07\/image-18-1024x943.png 1024w, https:\/\/gaq.be\/wp-content\/uploads\/2024\/07\/image-18-768x707.png 768w, https:\/\/gaq.be\/wp-content\/uploads\/2024\/07\/image-18-1536x1414.png 1536w, https:\/\/gaq.be\/wp-content\/uploads\/2024\/07\/image-18-2048x1885.png 2048w, https:\/\/gaq.be\/wp-content\/uploads\/2024\/07\/image-18-600x552.png 600w\" sizes=\"auto, (max-width: 3021px) 100vw, 3021px\" \/>            <\/div>\n            <div class=\"post-item__content\">\n                <div class=\"post-item__content-body\">\n                    <h3 class=\"post-item__title\">Maandelijkse vergadering, 11 maart om 8 uur<\/h3> \n                    <p class=\"post-item__date\">7 maart 2025<\/p>\n                    <p class=\"post-item__excerpt\">UITGENODIGDE Fr\u00e9d\u00e9ric CEULEMANS, Schepen voor Stedelijke Vernieuwing, Klimaat, Burgerparticipatie en Nederlandstalige Zaken Welke bevoegdheden heeft de gemeente op het gebied van klimaat?Zorgen voor burgerparticipatie, vooral in onze wijk.Het erfgoed van [&hellip;]<\/p>\n                <\/div>\n                <p class=\"post-item__categories\">\n                    <span class=\"post-category post-category__icon sector__divers-dark-green \">Divers<\/span><span class=\"post-category \">Varia<\/span>                <\/p>\n            <\/div>\n        <\/a>\n    <\/li>\n        <\/ul>\n    <\/div>\n\n\n<div class=\"wp-block-buttons is-content-justification-center is-layout-flex wp-container-core-buttons-is-layout-a89b3969 wp-block-buttons-is-layout-flex\">\n<div class=\"wp-block-button is-style-btn--blue-white is-style-btn__blue\" style=\"font-style:normal;font-weight:600\"><a class=\"wp-block-button__link has-text-align-center wp-element-button\" href=\"https:\/\/gaq.be\/nl\/le-blog\/\">Alle artikelen bekijken<\/a><\/div>\n<\/div>\n<\/div>\n","protected":false},"excerpt":{"rendered":"<p>Klik op dossier voor informatie over lopende projecten Onze laatst voltooide projecten Van de blog<\/p>\n","protected":false},"author":2031,"featured_media":0,"parent":0,"menu_order":0,"comment_status":"closed","ping_status":"closed","template":"","meta":{"_EventAllDay":false,"_EventTimezone":"","_EventStartDate":"","_EventEndDate":"","_EventStartDateUTC":"","_EventEndDateUTC":"","_EventShowMap":false,"_EventShowMapLink":false,"_EventURL":"","_EventCost":"","_EventCostDescription":"","_EventCurrencySymbol":"","_EventCurrencyCode":"","_EventCurrencyPosition":"","_EventDateTimeSeparator":"","_EventTimeRangeSeparator":"","_EventOrganizerID":[],"_EventVenueID":[],"_OrganizerEmail":"","_OrganizerPhone":"","_OrganizerWebsite":"","_VenueAddress":"","_VenueCity":"","_VenueCountry":"","_VenueProvince":"","_VenueState":"","_VenueZip":"","_VenuePhone":"","_VenueURL":"","_VenueStateProvince":"","_VenueLat":"","_VenueLng":"","_VenueShowMap":false,"_VenueShowMapLink":false,"footnotes":""},"categories":[192,160],"tags":[],"class_list":["post-9867","page","type-page","status-publish","hentry","category-cadre-de-vie-nl","category-diversen"],"_links":{"self":[{"href":"https:\/\/gaq.be\/nl\/wp-json\/wp\/v2\/pages\/9867","targetHints":{"allow":["GET"]}}],"collection":[{"href":"https:\/\/gaq.be\/nl\/wp-json\/wp\/v2\/pages"}],"about":[{"href":"https:\/\/gaq.be\/nl\/wp-json\/wp\/v2\/types\/page"}],"author":[{"embeddable":true,"href":"https:\/\/gaq.be\/nl\/wp-json\/wp\/v2\/users\/2031"}],"replies":[{"embeddable":true,"href":"https:\/\/gaq.be\/nl\/wp-json\/wp\/v2\/comments?post=9867"}],"version-history":[{"count":6,"href":"https:\/\/gaq.be\/nl\/wp-json\/wp\/v2\/pages\/9867\/revisions"}],"predecessor-version":[{"id":12132,"href":"https:\/\/gaq.be\/nl\/wp-json\/wp\/v2\/pages\/9867\/revisions\/12132"}],"wp:attachment":[{"href":"https:\/\/gaq.be\/nl\/wp-json\/wp\/v2\/media?parent=9867"}],"wp:term":[{"taxonomy":"category","embeddable":true,"href":"https:\/\/gaq.be\/nl\/wp-json\/wp\/v2\/categories?post=9867"},{"taxonomy":"post_tag","embeddable":true,"href":"https:\/\/gaq.be\/nl\/wp-json\/wp\/v2\/tags?post=9867"}],"curies":[{"name":"wp","href":"https:\/\/api.w.org\/{rel}","templated":true}]}}